{"id":550,"date":"2024-11-18T20:35:44","date_gmt":"2024-11-18T19:35:44","guid":{"rendered":"https:\/\/sophiafoundation.org.pl\/?page_id=550"},"modified":"2025-07-05T20:31:24","modified_gmt":"2025-07-05T18:31:24","slug":"zarzad","status":"publish","type":"page","link":"https:\/\/sophiafoundation.org.pl\/en\/zarzad\/","title":{"rendered":"Board"},"content":{"rendered":"<div data-elementor-type=\"wp-page\" data-elementor-id=\"550\" class=\"elementor elementor-550\">\n\t\t\t\t<div class=\"elementor-element elementor-element-1f54087 animated-fast e-flex e-con-boxed elementor-invisible e-con e-parent\" data-id=\"1f54087\" data-element_type=\"container\" data-settings=\"{&quot;background_background&quot;:&quot;classic&quot;,&quot;animation&quot;:&quot;fadeInUp&quot;}\">\n\t\t\t\t\t<div class=\"e-con-inner\">\n\t\t\t\t<div class=\"elementor-element elementor-element-8ecce65 elementor-widget elementor-widget-heading\" data-id=\"8ecce65\" data-element_type=\"widget\" data-settings=\"{&quot;_animation&quot;:&quot;none&quot;}\" data-widget_type=\"heading.default\">\n\t\t\t\t<div class=\"elementor-widget-container\">\n\t\t\t<h1 class=\"elementor-heading-title elementor-size-default\">FOUNDATION BOARD<\/h1>\t\t<\/div>\n\t\t\t\t<\/div>\n\t\t\t\t\t<\/div>\n\t\t\t\t<\/div>\n\t\t<div class=\"elementor-element elementor-element-b07a555 e-flex e-con-boxed e-con e-parent\" data-id=\"b07a555\" data-element_type=\"container\">\n\t\t\t\t\t<div class=\"e-con-inner\">\n\t\t\t\t<div class=\"elementor-element elementor-element-985e298 elementor-widget elementor-widget-spacer\" data-id=\"985e298\" data-element_type=\"widget\" data-widget_type=\"spacer.default\">\n\t\t\t\t<div class=\"elementor-widget-container\">\n\t\t\t\t\t<div class=\"elementor-spacer\">\n\t\t\t<div class=\"elementor-spacer-inner\"><\/div>\n\t\t<\/div>\n\t\t\t\t<\/div>\n\t\t\t\t<\/div>\n\t\t\t\t\t<\/div>\n\t\t\t\t<\/div>\n\t\t<div class=\"elementor-element elementor-element-c8b42f3 e-flex e-con-boxed e-con e-parent\" data-id=\"c8b42f3\" data-element_type=\"container\">\n\t\t\t\t\t<div class=\"e-con-inner\">\n\t\t<div class=\"elementor-element elementor-element-b09824a e-con-full e-flex e-con e-child\" data-id=\"b09824a\" data-element_type=\"container\">\n\t\t\t\t<div class=\"elementor-element elementor-element-dd7caa1 elementor-widget elementor-widget-image\" data-id=\"dd7caa1\" data-element_type=\"widget\" data-widget_type=\"image.default\">\n\t\t\t\t<div class=\"elementor-widget-container\">\n\t\t\t\t\t\t\t\t\t\t\t\t\t<img fetchpriority=\"high\" decoding=\"async\" width=\"1536\" height=\"1536\" src=\"https:\/\/sophiafoundation.org.pl\/wp-content\/uploads\/2024\/11\/sophia_foundation_art_and-critical_thought_Adrianna_Zimnowoda_2.webp\" class=\"attachment-2048x2048 size-2048x2048 wp-image-198\" alt=\"\" srcset=\"https:\/\/sophiafoundation.org.pl\/wp-content\/uploads\/2024\/11\/sophia_foundation_art_and-critical_thought_Adrianna_Zimnowoda_2.webp 1536w, https:\/\/sophiafoundation.org.pl\/wp-content\/uploads\/2024\/11\/sophia_foundation_art_and-critical_thought_Adrianna_Zimnowoda_2-300x300.webp 300w, https:\/\/sophiafoundation.org.pl\/wp-content\/uploads\/2024\/11\/sophia_foundation_art_and-critical_thought_Adrianna_Zimnowoda_2-1024x1024.webp 1024w, https:\/\/sophiafoundation.org.pl\/wp-content\/uploads\/2024\/11\/sophia_foundation_art_and-critical_thought_Adrianna_Zimnowoda_2-150x150.webp 150w, https:\/\/sophiafoundation.org.pl\/wp-content\/uploads\/2024\/11\/sophia_foundation_art_and-critical_thought_Adrianna_Zimnowoda_2-768x768.webp 768w, https:\/\/sophiafoundation.org.pl\/wp-content\/uploads\/2024\/11\/sophia_foundation_art_and-critical_thought_Adrianna_Zimnowoda_2-12x12.webp 12w\" sizes=\"(max-width: 1536px) 100vw, 1536px\" \/>\t\t\t\t\t\t\t\t\t\t\t\t\t<\/div>\n\t\t\t\t<\/div>\n\t\t\t\t<\/div>\n\t\t<div class=\"elementor-element elementor-element-4e8a853 e-con-full e-flex e-con e-child\" data-id=\"4e8a853\" data-element_type=\"container\">\n\t\t\t\t<div class=\"elementor-element elementor-element-1af57cc elementor-widget elementor-widget-heading\" data-id=\"1af57cc\" data-element_type=\"widget\" data-widget_type=\"heading.default\">\n\t\t\t\t<div class=\"elementor-widget-container\">\n\t\t\t<h2 class=\"elementor-heading-title elementor-size-default\"><b>ADRIANA ZIMNOWODA, PhD<\/b><\/h2>\t\t<\/div>\n\t\t\t\t<\/div>\n\t\t\t\t<div class=\"elementor-element elementor-element-ef77bf5 elementor-widget elementor-widget-text-editor\" data-id=\"ef77bf5\" data-element_type=\"widget\" data-widget_type=\"text-editor.default\">\n\t\t\t\t<div class=\"elementor-widget-container\">\n\t\t\t\t\t\t\t<p>Art historian and doctor of philosophy, president of the <em>Sophia Foundation: Art &amp; Critical Thought<\/em>, curator of contemporary art. She has organized several dozen exhibitions, including presentations of the most important classics of Polish painting. Author of the interdisciplinary discussion panel <em>Theory Zone: Art, Philosophy, Literature<\/em> and numerous critical and philosophical essays published in exhibition catalogues. Currently working on a research project <em>Postcolonial Critique and Humanistic Reflection in the Art of Contemporary Middle Eastern Artists<\/em>. She combines humanistic sensitivity with the courage to take on difficult topics and a passion for initiating socially important discussions. Obtained her doctoral degree based on a dissertation on Jerzy Stempowski, proving his belonging to the European philosophy of existence; she is completing a monograph devoted to his thought.<\/p>\t\t\t\t\t\t<\/div>\n\t\t\t\t<\/div>\n\t\t\t\t<\/div>\n\t\t\t\t\t<\/div>\n\t\t\t\t<\/div>\n\t\t<div class=\"elementor-element elementor-element-737284e e-flex e-con-boxed e-con e-parent\" data-id=\"737284e\" data-element_type=\"container\">\n\t\t\t\t\t<div class=\"e-con-inner\">\n\t\t\t\t<div class=\"elementor-element elementor-element-4287665 elementor-widget elementor-widget-spacer\" data-id=\"4287665\" data-element_type=\"widget\" data-widget_type=\"spacer.default\">\n\t\t\t\t<div class=\"elementor-widget-container\">\n\t\t\t\t\t<div class=\"elementor-spacer\">\n\t\t\t<div class=\"elementor-spacer-inner\"><\/div>\n\t\t<\/div>\n\t\t\t\t<\/div>\n\t\t\t\t<\/div>\n\t\t\t\t\t<\/div>\n\t\t\t\t<\/div>\n\t\t<div class=\"elementor-element elementor-element-592d1a0 e-flex e-con-boxed e-con e-parent\" data-id=\"592d1a0\" data-element_type=\"container\" data-settings=\"{&quot;background_background&quot;:&quot;classic&quot;}\">\n\t\t\t\t\t<div class=\"e-con-inner\">\n\t\t\t\t<div class=\"elementor-element elementor-element-8c87bef elementor-widget elementor-widget-image\" data-id=\"8c87bef\" data-element_type=\"widget\" data-widget_type=\"image.default\">\n\t\t\t\t<div class=\"elementor-widget-container\">\n\t\t\t\t\t\t\t\t\t\t\t\t\t<img decoding=\"async\" width=\"180\" height=\"300\" src=\"https:\/\/sophiafoundation.org.pl\/wp-content\/uploads\/2024\/11\/Sophia_Logo_White-180x300.png\" class=\"attachment-medium size-medium wp-image-178\" alt=\"\" srcset=\"https:\/\/sophiafoundation.org.pl\/wp-content\/uploads\/2024\/11\/Sophia_Logo_White-180x300.png 180w, https:\/\/sophiafoundation.org.pl\/wp-content\/uploads\/2024\/11\/Sophia_Logo_White-615x1024.png 615w, https:\/\/sophiafoundation.org.pl\/wp-content\/uploads\/2024\/11\/Sophia_Logo_White-768x1280.png 768w, https:\/\/sophiafoundation.org.pl\/wp-content\/uploads\/2024\/11\/Sophia_Logo_White-922x1536.png 922w, https:\/\/sophiafoundation.org.pl\/wp-content\/uploads\/2024\/11\/Sophia_Logo_White-7x12.png 7w, https:\/\/sophiafoundation.org.pl\/wp-content\/uploads\/2024\/11\/Sophia_Logo_White.png 1163w\" sizes=\"(max-width: 180px) 100vw, 180px\" \/>\t\t\t\t\t\t\t\t\t\t\t\t\t<\/div>\n\t\t\t\t<\/div>\n\t\t\t\t\t<\/div>\n\t\t\t\t<\/div>\n\t\t\t\t<\/div>","protected":false},"excerpt":{"rendered":"<p>ZARZ\u0104D FUNDACJI dr ADRIANA ZIMNOWODA Historyk sztuki i doktor filozofii, prezeska Sophia Foundation: Art &amp; Critical Thought, kuratorka sztuki wsp\u00f3\u0142czesnej. Zrealizowa\u0142a kilkadziesi\u0105t wystaw, w tym prezentacje najwa\u017cniejszych klasyk\u00f3w polskiego malarstwa. Autorka interdyscyplinarnego panelu dyskusyjnego Strefa teorii: sztuka, filozofia, literatura oraz licznych esej\u00f3w krytyczno-filozoficznych publikowanych w katalogach wystaw. Aktualnie opracowuje projekt badawczy Postcolonial Critique and Humanistic [&hellip;]<\/p>","protected":false},"author":3,"featured_media":0,"parent":0,"menu_order":0,"comment_status":"closed","ping_status":"closed","template":"","meta":{"footnotes":""},"class_list":["post-550","page","type-page","status-publish","hentry"],"yoast_head":"<!-- This site is optimized with the Yoast SEO plugin v24.0 - https:\/\/yoast.com\/wordpress\/plugins\/seo\/ -->\n<title>Zarz\u0105d - SOPHIA Foundation<\/title>\n<meta name=\"robots\" content=\"index, follow, max-snippet:-1, max-image-preview:large, max-video-preview:-1\" \/>\n<link rel=\"canonical\" href=\"https:\/\/sophiafoundation.org.pl\/en\/zarzad\/\" \/>\n<meta property=\"og:locale\" content=\"en_GB\" \/>\n<meta property=\"og:type\" content=\"article\" \/>\n<meta property=\"og:title\" content=\"Zarz\u0105d - SOPHIA Foundation\" \/>\n<meta property=\"og:description\" content=\"ZARZ\u0104D FUNDACJI dr ADRIANA ZIMNOWODA Historyk sztuki i doktor filozofii, prezeska Sophia Foundation: Art &amp; Critical Thought, kuratorka sztuki wsp\u00f3\u0142czesnej. Zrealizowa\u0142a kilkadziesi\u0105t wystaw, w tym prezentacje najwa\u017cniejszych klasyk\u00f3w polskiego malarstwa. Autorka interdyscyplinarnego panelu dyskusyjnego Strefa teorii: sztuka, filozofia, literatura oraz licznych esej\u00f3w krytyczno-filozoficznych publikowanych w katalogach wystaw. Aktualnie opracowuje projekt badawczy Postcolonial Critique and Humanistic [&hellip;]\" \/>\n<meta property=\"og:url\" content=\"https:\/\/sophiafoundation.org.pl\/en\/zarzad\/\" \/>\n<meta property=\"og:site_name\" content=\"SOPHIA Foundation\" \/>\n<meta property=\"article:modified_time\" content=\"2025-07-05T18:31:24+00:00\" \/>\n<meta property=\"og:image\" content=\"https:\/\/sophiafoundation.org.pl\/wp-content\/uploads\/2024\/11\/sophia_foundation_art_and-critical_thought_Adrianna_Zimnowoda_2.webp\" \/>\n\t<meta property=\"og:image:width\" content=\"1536\" \/>\n\t<meta property=\"og:image:height\" content=\"1536\" \/>\n\t<meta property=\"og:image:type\" content=\"image\/webp\" \/>\n<meta name=\"twitter:card\" content=\"summary_large_image\" \/>\n<meta name=\"twitter:label1\" content=\"Estimated reading time\" \/>\n\t<meta name=\"twitter:data1\" content=\"1 minute\" \/>\n<script type=\"application\/ld+json\" class=\"yoast-schema-graph\">{\"@context\":\"https:\/\/schema.org\",\"@graph\":[{\"@type\":\"WebPage\",\"@id\":\"https:\/\/sophiafoundation.org.pl\/zarzad\/\",\"url\":\"https:\/\/sophiafoundation.org.pl\/zarzad\/\",\"name\":\"Zarz\u0105d - SOPHIA Foundation\",\"isPartOf\":{\"@id\":\"https:\/\/sophiafoundation.org.pl\/#website\"},\"primaryImageOfPage\":{\"@id\":\"https:\/\/sophiafoundation.org.pl\/zarzad\/#primaryimage\"},\"image\":{\"@id\":\"https:\/\/sophiafoundation.org.pl\/zarzad\/#primaryimage\"},\"thumbnailUrl\":\"https:\/\/sophiafoundation.org.pl\/wp-content\/uploads\/2024\/11\/sophia_foundation_art_and-critical_thought_Adrianna_Zimnowoda_2.webp\",\"datePublished\":\"2024-11-18T19:35:44+00:00\",\"dateModified\":\"2025-07-05T18:31:24+00:00\",\"breadcrumb\":{\"@id\":\"https:\/\/sophiafoundation.org.pl\/zarzad\/#breadcrumb\"},\"inLanguage\":\"en-GB\",\"potentialAction\":[{\"@type\":\"ReadAction\",\"target\":[\"https:\/\/sophiafoundation.org.pl\/zarzad\/\"]}]},{\"@type\":\"ImageObject\",\"inLanguage\":\"en-GB\",\"@id\":\"https:\/\/sophiafoundation.org.pl\/zarzad\/#primaryimage\",\"url\":\"https:\/\/sophiafoundation.org.pl\/wp-content\/uploads\/2024\/11\/sophia_foundation_art_and-critical_thought_Adrianna_Zimnowoda_2.webp\",\"contentUrl\":\"https:\/\/sophiafoundation.org.pl\/wp-content\/uploads\/2024\/11\/sophia_foundation_art_and-critical_thought_Adrianna_Zimnowoda_2.webp\"},{\"@type\":\"BreadcrumbList\",\"@id\":\"https:\/\/sophiafoundation.org.pl\/zarzad\/#breadcrumb\",\"itemListElement\":[{\"@type\":\"ListItem\",\"position\":1,\"name\":\"Strona g\u0142\u00f3wna\",\"item\":\"https:\/\/sophiafoundation.org.pl\/\"},{\"@type\":\"ListItem\",\"position\":2,\"name\":\"Zarz\u0105d\"}]},{\"@type\":\"WebSite\",\"@id\":\"https:\/\/sophiafoundation.org.pl\/#website\",\"url\":\"https:\/\/sophiafoundation.org.pl\/\",\"name\":\"Sophia Foundation: Art & Critical Thought\",\"description\":\"Art &amp; Critical Thought\",\"publisher\":{\"@id\":\"https:\/\/sophiafoundation.org.pl\/#organization\"},\"potentialAction\":[{\"@type\":\"SearchAction\",\"target\":{\"@type\":\"EntryPoint\",\"urlTemplate\":\"https:\/\/sophiafoundation.org.pl\/?s={search_term_string}\"},\"query-input\":{\"@type\":\"PropertyValueSpecification\",\"valueRequired\":true,\"valueName\":\"search_term_string\"}}],\"inLanguage\":\"en-GB\"},{\"@type\":\"Organization\",\"@id\":\"https:\/\/sophiafoundation.org.pl\/#organization\",\"name\":\"Sophia Foundation: Art & Critical Thought\",\"url\":\"https:\/\/sophiafoundation.org.pl\/\",\"logo\":{\"@type\":\"ImageObject\",\"inLanguage\":\"en-GB\",\"@id\":\"https:\/\/sophiafoundation.org.pl\/#\/schema\/logo\/image\/\",\"url\":\"https:\/\/sophiafoundation.org.pl\/wp-content\/uploads\/2024\/12\/Sophia_Logo_Black_040326_margines.png\",\"contentUrl\":\"https:\/\/sophiafoundation.org.pl\/wp-content\/uploads\/2024\/12\/Sophia_Logo_Black_040326_margines.png\",\"width\":1400,\"height\":2174,\"caption\":\"Sophia Foundation: Art & Critical Thought\"},\"image\":{\"@id\":\"https:\/\/sophiafoundation.org.pl\/#\/schema\/logo\/image\/\"}}]}<\/script>\n<!-- \/ Yoast SEO plugin. -->","yoast_head_json":{"title":"Zarz\u0105d - SOPHIA Foundation","robots":{"index":"index","follow":"follow","max-snippet":"max-snippet:-1","max-image-preview":"max-image-preview:large","max-video-preview":"max-video-preview:-1"},"canonical":"https:\/\/sophiafoundation.org.pl\/en\/zarzad\/","og_locale":"en_GB","og_type":"article","og_title":"Zarz\u0105d - SOPHIA Foundation","og_description":"ZARZ\u0104D FUNDACJI dr ADRIANA ZIMNOWODA Historyk sztuki i doktor filozofii, prezeska Sophia Foundation: Art &amp; Critical Thought, kuratorka sztuki wsp\u00f3\u0142czesnej. Zrealizowa\u0142a kilkadziesi\u0105t wystaw, w tym prezentacje najwa\u017cniejszych klasyk\u00f3w polskiego malarstwa. Autorka interdyscyplinarnego panelu dyskusyjnego Strefa teorii: sztuka, filozofia, literatura oraz licznych esej\u00f3w krytyczno-filozoficznych publikowanych w katalogach wystaw. Aktualnie opracowuje projekt badawczy Postcolonial Critique and Humanistic [&hellip;]","og_url":"https:\/\/sophiafoundation.org.pl\/en\/zarzad\/","og_site_name":"SOPHIA Foundation","article_modified_time":"2025-07-05T18:31:24+00:00","og_image":[{"width":1536,"height":1536,"url":"https:\/\/sophiafoundation.org.pl\/wp-content\/uploads\/2024\/11\/sophia_foundation_art_and-critical_thought_Adrianna_Zimnowoda_2.webp","type":"image\/webp"}],"twitter_card":"summary_large_image","twitter_misc":{"Estimated reading time":"1 minute"},"schema":{"@context":"https:\/\/schema.org","@graph":[{"@type":"WebPage","@id":"https:\/\/sophiafoundation.org.pl\/zarzad\/","url":"https:\/\/sophiafoundation.org.pl\/zarzad\/","name":"Zarz\u0105d - SOPHIA Foundation","isPartOf":{"@id":"https:\/\/sophiafoundation.org.pl\/#website"},"primaryImageOfPage":{"@id":"https:\/\/sophiafoundation.org.pl\/zarzad\/#primaryimage"},"image":{"@id":"https:\/\/sophiafoundation.org.pl\/zarzad\/#primaryimage"},"thumbnailUrl":"https:\/\/sophiafoundation.org.pl\/wp-content\/uploads\/2024\/11\/sophia_foundation_art_and-critical_thought_Adrianna_Zimnowoda_2.webp","datePublished":"2024-11-18T19:35:44+00:00","dateModified":"2025-07-05T18:31:24+00:00","breadcrumb":{"@id":"https:\/\/sophiafoundation.org.pl\/zarzad\/#breadcrumb"},"inLanguage":"en-GB","potentialAction":[{"@type":"ReadAction","target":["https:\/\/sophiafoundation.org.pl\/zarzad\/"]}]},{"@type":"ImageObject","inLanguage":"en-GB","@id":"https:\/\/sophiafoundation.org.pl\/zarzad\/#primaryimage","url":"https:\/\/sophiafoundation.org.pl\/wp-content\/uploads\/2024\/11\/sophia_foundation_art_and-critical_thought_Adrianna_Zimnowoda_2.webp","contentUrl":"https:\/\/sophiafoundation.org.pl\/wp-content\/uploads\/2024\/11\/sophia_foundation_art_and-critical_thought_Adrianna_Zimnowoda_2.webp"},{"@type":"BreadcrumbList","@id":"https:\/\/sophiafoundation.org.pl\/zarzad\/#breadcrumb","itemListElement":[{"@type":"ListItem","position":1,"name":"Strona g\u0142\u00f3wna","item":"https:\/\/sophiafoundation.org.pl\/"},{"@type":"ListItem","position":2,"name":"Zarz\u0105d"}]},{"@type":"WebSite","@id":"https:\/\/sophiafoundation.org.pl\/#website","url":"https:\/\/sophiafoundation.org.pl\/","name":"Sophia Foundation: Art & Critical Thought","description":"Art &amp; Critical Thought","publisher":{"@id":"https:\/\/sophiafoundation.org.pl\/#organization"},"potentialAction":[{"@type":"SearchAction","target":{"@type":"EntryPoint","urlTemplate":"https:\/\/sophiafoundation.org.pl\/?s={search_term_string}"},"query-input":{"@type":"PropertyValueSpecification","valueRequired":true,"valueName":"search_term_string"}}],"inLanguage":"en-GB"},{"@type":"Organization","@id":"https:\/\/sophiafoundation.org.pl\/#organization","name":"Sophia Foundation: Art & Critical Thought","url":"https:\/\/sophiafoundation.org.pl\/","logo":{"@type":"ImageObject","inLanguage":"en-GB","@id":"https:\/\/sophiafoundation.org.pl\/#\/schema\/logo\/image\/","url":"https:\/\/sophiafoundation.org.pl\/wp-content\/uploads\/2024\/12\/Sophia_Logo_Black_040326_margines.png","contentUrl":"https:\/\/sophiafoundation.org.pl\/wp-content\/uploads\/2024\/12\/Sophia_Logo_Black_040326_margines.png","width":1400,"height":2174,"caption":"Sophia Foundation: Art & Critical Thought"},"image":{"@id":"https:\/\/sophiafoundation.org.pl\/#\/schema\/logo\/image\/"}}]}},"_links":{"self":[{"href":"https:\/\/sophiafoundation.org.pl\/en\/wp-json\/wp\/v2\/pages\/550","targetHints":{"allow":["GET"]}}],"collection":[{"href":"https:\/\/sophiafoundation.org.pl\/en\/wp-json\/wp\/v2\/pages"}],"about":[{"href":"https:\/\/sophiafoundation.org.pl\/en\/wp-json\/wp\/v2\/types\/page"}],"author":[{"embeddable":true,"href":"https:\/\/sophiafoundation.org.pl\/en\/wp-json\/wp\/v2\/users\/3"}],"replies":[{"embeddable":true,"href":"https:\/\/sophiafoundation.org.pl\/en\/wp-json\/wp\/v2\/comments?post=550"}],"version-history":[{"count":126,"href":"https:\/\/sophiafoundation.org.pl\/en\/wp-json\/wp\/v2\/pages\/550\/revisions"}],"predecessor-version":[{"id":1135,"href":"https:\/\/sophiafoundation.org.pl\/en\/wp-json\/wp\/v2\/pages\/550\/revisions\/1135"}],"wp:attachment":[{"href":"https:\/\/sophiafoundation.org.pl\/en\/wp-json\/wp\/v2\/media?parent=550"}],"curies":[{"name":"wp","href":"https:\/\/api.w.org\/{rel}","templated":true}]}}