{"id":424,"date":"2024-11-13T20:21:05","date_gmt":"2024-11-13T19:21:05","guid":{"rendered":"https:\/\/sophiafoundation.org.pl\/?page_id=424"},"modified":"2025-07-02T11:22:54","modified_gmt":"2025-07-02T09:22:54","slug":"rada","status":"publish","type":"page","link":"https:\/\/sophiafoundation.org.pl\/en\/rada\/","title":{"rendered":"Council"},"content":{"rendered":"<div data-elementor-type=\"wp-page\" data-elementor-id=\"424\" class=\"elementor elementor-424\">\n\t\t\t\t<div class=\"elementor-element elementor-element-c415ff2 animated-fast e-flex e-con-boxed elementor-invisible e-con e-parent\" data-id=\"c415ff2\" data-element_type=\"container\" data-settings=\"{&quot;background_background&quot;:&quot;classic&quot;,&quot;animation&quot;:&quot;fadeInUp&quot;}\">\n\t\t\t\t\t<div class=\"e-con-inner\">\n\t\t\t\t<div class=\"elementor-element elementor-element-b87b062 elementor-widget elementor-widget-heading\" data-id=\"b87b062\" data-element_type=\"widget\" data-widget_type=\"heading.default\">\n\t\t\t\t<div class=\"elementor-widget-container\">\n\t\t\t<h1 class=\"elementor-heading-title elementor-size-default\">FOUNDATION COUNCIL<\/h1>\t\t<\/div>\n\t\t\t\t<\/div>\n\t\t\t\t\t<\/div>\n\t\t\t\t<\/div>\n\t\t<div class=\"elementor-element elementor-element-7e3759e e-flex e-con-boxed e-con e-parent\" data-id=\"7e3759e\" data-element_type=\"container\">\n\t\t\t\t\t<div class=\"e-con-inner\">\n\t\t\t\t<div class=\"elementor-element elementor-element-205e2a1 elementor-widget elementor-widget-spacer\" data-id=\"205e2a1\" data-element_type=\"widget\" data-widget_type=\"spacer.default\">\n\t\t\t\t<div class=\"elementor-widget-container\">\n\t\t\t\t\t<div class=\"elementor-spacer\">\n\t\t\t<div class=\"elementor-spacer-inner\"><\/div>\n\t\t<\/div>\n\t\t\t\t<\/div>\n\t\t\t\t<\/div>\n\t\t\t\t\t<\/div>\n\t\t\t\t<\/div>\n\t\t<div class=\"elementor-element elementor-element-f51d359 e-flex e-con-boxed e-con e-parent\" data-id=\"f51d359\" data-element_type=\"container\">\n\t\t\t\t\t<div class=\"e-con-inner\">\n\t\t<div class=\"elementor-element elementor-element-f7904e9 e-con-full e-flex e-con e-child\" data-id=\"f7904e9\" data-element_type=\"container\">\n\t\t\t\t<div class=\"elementor-element elementor-element-0b97f01 elementor-widget elementor-widget-heading\" data-id=\"0b97f01\" data-element_type=\"widget\" data-widget_type=\"heading.default\">\n\t\t\t\t<div class=\"elementor-widget-container\">\n\t\t\t<h2 class=\"elementor-heading-title elementor-size-default\"><b>Professor ZBIGNIEW BAJEK<\/b><\/h2>\t\t<\/div>\n\t\t\t\t<\/div>\n\t\t\t\t<div class=\"elementor-element elementor-element-31c2899 elementor-widget elementor-widget-text-editor\" data-id=\"31c2899\" data-element_type=\"widget\" data-widget_type=\"text-editor.default\">\n\t\t\t\t<div class=\"elementor-widget-container\">\n\t\t\t\t\t\t\t<p>An artist and teacher with deep sensitivity to the problems of exclusion, identity and freedom. Associated with the Academy of Fine Arts in Krak\u00f3w, where he runs interdisciplinary creative studios and educates successive generations of artists, inspiring critical reflection on the contemporary world. His work combines painting, drawing, photography and paratheatrical activities, taking up the theme of crossing borders, fighting for dignity and places of marginalized voices. Author and curator of projects with strong socio-cultural overtones, such as <em>Labyrinth of Freedom<\/em>, <em>Taming Kafka<\/em> or <em>Freedom is a Woman<\/em>. Collaborated with theatres, designed scenography and graphic identification, creating art that becomes a form of dialogue about man and his right to be heard. He has over 70 individual exhibitions to his credit and has participated in over 400 collective exhibitions in Poland and abroad.<\/p>\t\t\t\t\t\t<\/div>\n\t\t\t\t<\/div>\n\t\t\t\t<\/div>\n\t\t<div class=\"elementor-element elementor-element-a2481d3 e-con-full e-flex e-con e-child\" data-id=\"a2481d3\" data-element_type=\"container\">\n\t\t\t\t<div class=\"elementor-element elementor-element-6943fff elementor-widget elementor-widget-image\" data-id=\"6943fff\" data-element_type=\"widget\" data-widget_type=\"image.default\">\n\t\t\t\t<div class=\"elementor-widget-container\">\n\t\t\t\t\t\t\t\t\t\t\t\t\t<img fetchpriority=\"high\" decoding=\"async\" width=\"1536\" height=\"1536\" src=\"https:\/\/sophiafoundation.org.pl\/wp-content\/uploads\/2024\/11\/sophia_foundation_art_and-critical_thought_Zbigniew_Bajek_2.webp\" class=\"attachment-2048x2048 size-2048x2048 wp-image-192\" alt=\"\" srcset=\"https:\/\/sophiafoundation.org.pl\/wp-content\/uploads\/2024\/11\/sophia_foundation_art_and-critical_thought_Zbigniew_Bajek_2.webp 1536w, https:\/\/sophiafoundation.org.pl\/wp-content\/uploads\/2024\/11\/sophia_foundation_art_and-critical_thought_Zbigniew_Bajek_2-300x300.webp 300w, https:\/\/sophiafoundation.org.pl\/wp-content\/uploads\/2024\/11\/sophia_foundation_art_and-critical_thought_Zbigniew_Bajek_2-1024x1024.webp 1024w, https:\/\/sophiafoundation.org.pl\/wp-content\/uploads\/2024\/11\/sophia_foundation_art_and-critical_thought_Zbigniew_Bajek_2-150x150.webp 150w, https:\/\/sophiafoundation.org.pl\/wp-content\/uploads\/2024\/11\/sophia_foundation_art_and-critical_thought_Zbigniew_Bajek_2-768x768.webp 768w, https:\/\/sophiafoundation.org.pl\/wp-content\/uploads\/2024\/11\/sophia_foundation_art_and-critical_thought_Zbigniew_Bajek_2-12x12.webp 12w\" sizes=\"(max-width: 1536px) 100vw, 1536px\" \/>\t\t\t\t\t\t\t\t\t\t\t\t\t<\/div>\n\t\t\t\t<\/div>\n\t\t\t\t<\/div>\n\t\t\t\t\t<\/div>\n\t\t\t\t<\/div>\n\t\t<div class=\"elementor-element elementor-element-e31be39 e-flex e-con-boxed e-con e-parent\" data-id=\"e31be39\" data-element_type=\"container\">\n\t\t\t\t\t<div class=\"e-con-inner\">\n\t\t\t\t<div class=\"elementor-element elementor-element-0eefc51 elementor-widget elementor-widget-spacer\" data-id=\"0eefc51\" data-element_type=\"widget\" data-widget_type=\"spacer.default\">\n\t\t\t\t<div class=\"elementor-widget-container\">\n\t\t\t\t\t<div class=\"elementor-spacer\">\n\t\t\t<div class=\"elementor-spacer-inner\"><\/div>\n\t\t<\/div>\n\t\t\t\t<\/div>\n\t\t\t\t<\/div>\n\t\t\t\t\t<\/div>\n\t\t\t\t<\/div>\n\t\t<div class=\"elementor-element elementor-element-e7c309d e-flex e-con-boxed e-con e-parent\" data-id=\"e7c309d\" data-element_type=\"container\">\n\t\t\t\t\t<div class=\"e-con-inner\">\n\t\t<div class=\"elementor-element elementor-element-efbb62c e-con-full e-flex e-con e-child\" data-id=\"efbb62c\" data-element_type=\"container\">\n\t\t\t\t<div class=\"elementor-element elementor-element-e45c99d elementor-widget elementor-widget-image\" data-id=\"e45c99d\" data-element_type=\"widget\" data-widget_type=\"image.default\">\n\t\t\t\t<div class=\"elementor-widget-container\">\n\t\t\t\t\t\t\t\t\t\t\t\t\t<img decoding=\"async\" width=\"1536\" height=\"1536\" src=\"https:\/\/sophiafoundation.org.pl\/wp-content\/uploads\/2024\/11\/sophia_foundation_art_and-critical_thought_Tadeusz_Gadacz_2.webp\" class=\"attachment-2048x2048 size-2048x2048 wp-image-196\" alt=\"\" srcset=\"https:\/\/sophiafoundation.org.pl\/wp-content\/uploads\/2024\/11\/sophia_foundation_art_and-critical_thought_Tadeusz_Gadacz_2.webp 1536w, https:\/\/sophiafoundation.org.pl\/wp-content\/uploads\/2024\/11\/sophia_foundation_art_and-critical_thought_Tadeusz_Gadacz_2-300x300.webp 300w, https:\/\/sophiafoundation.org.pl\/wp-content\/uploads\/2024\/11\/sophia_foundation_art_and-critical_thought_Tadeusz_Gadacz_2-1024x1024.webp 1024w, https:\/\/sophiafoundation.org.pl\/wp-content\/uploads\/2024\/11\/sophia_foundation_art_and-critical_thought_Tadeusz_Gadacz_2-150x150.webp 150w, https:\/\/sophiafoundation.org.pl\/wp-content\/uploads\/2024\/11\/sophia_foundation_art_and-critical_thought_Tadeusz_Gadacz_2-768x768.webp 768w, https:\/\/sophiafoundation.org.pl\/wp-content\/uploads\/2024\/11\/sophia_foundation_art_and-critical_thought_Tadeusz_Gadacz_2-12x12.webp 12w\" sizes=\"(max-width: 1536px) 100vw, 1536px\" \/>\t\t\t\t\t\t\t\t\t\t\t\t\t<\/div>\n\t\t\t\t<\/div>\n\t\t\t\t<\/div>\n\t\t<div class=\"elementor-element elementor-element-db8f5fa e-con-full e-flex e-con e-child\" data-id=\"db8f5fa\" data-element_type=\"container\">\n\t\t\t\t<div class=\"elementor-element elementor-element-3ffa8c0 elementor-widget elementor-widget-heading\" data-id=\"3ffa8c0\" data-element_type=\"widget\" data-widget_type=\"heading.default\">\n\t\t\t\t<div class=\"elementor-widget-container\">\n\t\t\t<h2 class=\"elementor-heading-title elementor-size-default\"><b>Professor TADEUSZ GADACZ<\/b><\/h2>\t\t<\/div>\n\t\t\t\t<\/div>\n\t\t\t\t<div class=\"elementor-element elementor-element-307a61a elementor-widget elementor-widget-text-editor\" data-id=\"307a61a\" data-element_type=\"widget\" data-widget_type=\"text-editor.default\">\n\t\t\t\t<div class=\"elementor-widget-container\">\n\t\t\t\t\t\t\t<p>Philosopher, professor at the Faculty of Humanities of the AGH University of Science and Technology in Krak\u00f3w, student and long-time collaborator of J\u00f3zef Tischner. For years, he has combined his academic passion with involvement in social dialogue, consistently promoting reflection on ethics, human rights and responsibility. Scholarship holder of prestigious universities and research institutions in Belgium, the USA, Israel and Austria, also active in the Polish Academy of Sciences and the Polish Ethical Society. Author of over 300 publications, including books such as <em>Critical Thinking<\/em>, <em>Ethics of Goodness<\/em> or <em>About Lawlessness and Decency<\/em>. Distinguished by both scientific communities and students, he lectured at the most important national and international events. His work combines deep knowledge with openness to the challenges of present day: the crisis of critical thinking, the disappearance of ethical values in public life, tensions between freedom and security, the culture of superficiality and questions about the place of religion and spirituality in a secularized world.<\/p>\t\t\t\t\t\t<\/div>\n\t\t\t\t<\/div>\n\t\t\t\t<\/div>\n\t\t\t\t\t<\/div>\n\t\t\t\t<\/div>\n\t\t<div class=\"elementor-element elementor-element-4959fe9 e-flex e-con-boxed e-con e-parent\" data-id=\"4959fe9\" data-element_type=\"container\">\n\t\t\t\t\t<div class=\"e-con-inner\">\n\t\t\t\t<div class=\"elementor-element elementor-element-495226c elementor-widget elementor-widget-spacer\" data-id=\"495226c\" data-element_type=\"widget\" data-widget_type=\"spacer.default\">\n\t\t\t\t<div class=\"elementor-widget-container\">\n\t\t\t\t\t<div class=\"elementor-spacer\">\n\t\t\t<div class=\"elementor-spacer-inner\"><\/div>\n\t\t<\/div>\n\t\t\t\t<\/div>\n\t\t\t\t<\/div>\n\t\t\t\t\t<\/div>\n\t\t\t\t<\/div>\n\t\t<div class=\"elementor-element elementor-element-6967306 e-flex e-con-boxed e-con e-parent\" data-id=\"6967306\" data-element_type=\"container\">\n\t\t\t\t\t<div class=\"e-con-inner\">\n\t\t<div class=\"elementor-element elementor-element-924e7e5 e-con-full e-flex e-con e-child\" data-id=\"924e7e5\" data-element_type=\"container\">\n\t\t\t\t<div class=\"elementor-element elementor-element-95a9aac elementor-widget elementor-widget-heading\" data-id=\"95a9aac\" data-element_type=\"widget\" data-widget_type=\"heading.default\">\n\t\t\t\t<div class=\"elementor-widget-container\">\n\t\t\t<h2 class=\"elementor-heading-title elementor-size-default\"><b>EWA MACURA-NNAMDI, PhD<\/b><\/h2>\t\t<\/div>\n\t\t\t\t<\/div>\n\t\t\t\t<div class=\"elementor-element elementor-element-ce15fd0 elementor-widget elementor-widget-text-editor\" data-id=\"ce15fd0\" data-element_type=\"widget\" data-widget_type=\"text-editor.default\">\n\t\t\t\t<div class=\"elementor-widget-container\">\n\t\t\t\t\t\t\t<p>Professor of Literary Studies at the University of Silesia, specialist in postcolonial literatures and cultures, as well as issues of migration, refugees, and climate change. She explores the Black Anthropocene, blue humanities, and cultural representations of climate catastrophes, especially in the context of Africa and its diaspora. Author of numerous publications, including co-editor of the thematic issue of <em>Angelaki<\/em> devoted to water, and is currently working on the book <em>Fictions of Water: Refugees and the Sea<\/em>. A two-time winner of the OPUS NCN grant, she runs projects combining literature, climate, and the social consequences of global transformations. Engaged in international cooperation, she promotes critical reflection on the contemporary world through the prism of literature and engaged humanities.<\/p>\t\t\t\t\t\t<\/div>\n\t\t\t\t<\/div>\n\t\t\t\t<\/div>\n\t\t<div class=\"elementor-element elementor-element-bd883ac e-con-full e-flex e-con e-child\" data-id=\"bd883ac\" data-element_type=\"container\">\n\t\t\t\t<div class=\"elementor-element elementor-element-4ee2bb6 elementor-widget elementor-widget-image\" data-id=\"4ee2bb6\" data-element_type=\"widget\" data-widget_type=\"image.default\">\n\t\t\t\t<div class=\"elementor-widget-container\">\n\t\t\t\t\t\t\t\t\t\t\t\t\t<img decoding=\"async\" width=\"1536\" height=\"1536\" src=\"https:\/\/sophiafoundation.org.pl\/wp-content\/uploads\/2024\/11\/sophia_foundation_art_and-critical_thought_Ewa_Macura_2.webp\" class=\"attachment-2048x2048 size-2048x2048 wp-image-193\" alt=\"\" srcset=\"https:\/\/sophiafoundation.org.pl\/wp-content\/uploads\/2024\/11\/sophia_foundation_art_and-critical_thought_Ewa_Macura_2.webp 1536w, https:\/\/sophiafoundation.org.pl\/wp-content\/uploads\/2024\/11\/sophia_foundation_art_and-critical_thought_Ewa_Macura_2-300x300.webp 300w, https:\/\/sophiafoundation.org.pl\/wp-content\/uploads\/2024\/11\/sophia_foundation_art_and-critical_thought_Ewa_Macura_2-1024x1024.webp 1024w, https:\/\/sophiafoundation.org.pl\/wp-content\/uploads\/2024\/11\/sophia_foundation_art_and-critical_thought_Ewa_Macura_2-150x150.webp 150w, https:\/\/sophiafoundation.org.pl\/wp-content\/uploads\/2024\/11\/sophia_foundation_art_and-critical_thought_Ewa_Macura_2-768x768.webp 768w, https:\/\/sophiafoundation.org.pl\/wp-content\/uploads\/2024\/11\/sophia_foundation_art_and-critical_thought_Ewa_Macura_2-12x12.webp 12w\" sizes=\"(max-width: 1536px) 100vw, 1536px\" \/>\t\t\t\t\t\t\t\t\t\t\t\t\t<\/div>\n\t\t\t\t<\/div>\n\t\t\t\t<\/div>\n\t\t\t\t\t<\/div>\n\t\t\t\t<\/div>\n\t\t<div class=\"elementor-element elementor-element-e04b615 e-flex e-con-boxed e-con e-parent\" data-id=\"e04b615\" data-element_type=\"container\">\n\t\t\t\t\t<div class=\"e-con-inner\">\n\t\t\t\t<div class=\"elementor-element elementor-element-36b1bfc elementor-widget elementor-widget-spacer\" data-id=\"36b1bfc\" data-element_type=\"widget\" data-widget_type=\"spacer.default\">\n\t\t\t\t<div class=\"elementor-widget-container\">\n\t\t\t\t\t<div class=\"elementor-spacer\">\n\t\t\t<div class=\"elementor-spacer-inner\"><\/div>\n\t\t<\/div>\n\t\t\t\t<\/div>\n\t\t\t\t<\/div>\n\t\t\t\t\t<\/div>\n\t\t\t\t<\/div>\n\t\t<div class=\"elementor-element elementor-element-463b0db e-flex e-con-boxed e-con e-parent\" data-id=\"463b0db\" data-element_type=\"container\" data-settings=\"{&quot;background_background&quot;:&quot;classic&quot;}\">\n\t\t\t\t\t<div class=\"e-con-inner\">\n\t\t\t\t<div class=\"elementor-element elementor-element-5edc6e9 elementor-widget elementor-widget-image\" data-id=\"5edc6e9\" data-element_type=\"widget\" data-widget_type=\"image.default\">\n\t\t\t\t<div class=\"elementor-widget-container\">\n\t\t\t\t\t\t\t\t\t\t\t\t\t<img loading=\"lazy\" decoding=\"async\" width=\"180\" height=\"300\" src=\"https:\/\/sophiafoundation.org.pl\/wp-content\/uploads\/2024\/11\/Sophia_Logo_White-180x300.png\" class=\"attachment-medium size-medium wp-image-178\" alt=\"\" srcset=\"https:\/\/sophiafoundation.org.pl\/wp-content\/uploads\/2024\/11\/Sophia_Logo_White-180x300.png 180w, https:\/\/sophiafoundation.org.pl\/wp-content\/uploads\/2024\/11\/Sophia_Logo_White-615x1024.png 615w, https:\/\/sophiafoundation.org.pl\/wp-content\/uploads\/2024\/11\/Sophia_Logo_White-768x1280.png 768w, https:\/\/sophiafoundation.org.pl\/wp-content\/uploads\/2024\/11\/Sophia_Logo_White-922x1536.png 922w, https:\/\/sophiafoundation.org.pl\/wp-content\/uploads\/2024\/11\/Sophia_Logo_White-7x12.png 7w, https:\/\/sophiafoundation.org.pl\/wp-content\/uploads\/2024\/11\/Sophia_Logo_White.png 1163w\" sizes=\"(max-width: 180px) 100vw, 180px\" \/>\t\t\t\t\t\t\t\t\t\t\t\t\t<\/div>\n\t\t\t\t<\/div>\n\t\t\t\t\t<\/div>\n\t\t\t\t<\/div>\n\t\t\t\t<\/div>","protected":false},"excerpt":{"rendered":"<p>RADA FUNDACJI prof. ZBIGNIEW BAJEK Artysta i pedagog o g\u0142\u0119bokiej wra\u017cliwo\u015bci na problemy wykluczenia, to\u017csamo\u015bci i wolno\u015bci. Zwi\u0105zany z krakowsk\u0105 ASP, gdzie prowadzi interdyscyplinarne pracownie tw\u00f3rcze i kszta\u0142ci kolejne pokolenia artyst\u00f3w, inspiruj\u0105c do krytycznej refleksji nad wsp\u00f3\u0142czesnym \u015bwiatem. Jego tw\u00f3rczo\u015b\u0107 \u0142\u0105czy malarstwo, rysunek, fotografi\u0119 i dzia\u0142ania parateatralne, podejmuj\u0105c tematy przekraczania granic, walki o godno\u015b\u0107 i [&hellip;]<\/p>","protected":false},"author":3,"featured_media":0,"parent":0,"menu_order":0,"comment_status":"closed","ping_status":"closed","template":"","meta":{"footnotes":""},"class_list":["post-424","page","type-page","status-publish","hentry"],"yoast_head":"<!-- This site is optimized with the Yoast SEO plugin v24.0 - https:\/\/yoast.com\/wordpress\/plugins\/seo\/ -->\n<title>Rada - SOPHIA Foundation<\/title>\n<meta name=\"robots\" content=\"index, follow, max-snippet:-1, max-image-preview:large, max-video-preview:-1\" \/>\n<link rel=\"canonical\" href=\"https:\/\/sophiafoundation.org.pl\/en\/rada\/\" \/>\n<meta property=\"og:locale\" content=\"en_GB\" \/>\n<meta property=\"og:type\" content=\"article\" \/>\n<meta property=\"og:title\" content=\"Rada - SOPHIA Foundation\" \/>\n<meta property=\"og:description\" content=\"RADA FUNDACJI prof. ZBIGNIEW BAJEK Artysta i pedagog o g\u0142\u0119bokiej wra\u017cliwo\u015bci na problemy wykluczenia, to\u017csamo\u015bci i wolno\u015bci. Zwi\u0105zany z krakowsk\u0105 ASP, gdzie prowadzi interdyscyplinarne pracownie tw\u00f3rcze i kszta\u0142ci kolejne pokolenia artyst\u00f3w, inspiruj\u0105c do krytycznej refleksji nad wsp\u00f3\u0142czesnym \u015bwiatem. Jego tw\u00f3rczo\u015b\u0107 \u0142\u0105czy malarstwo, rysunek, fotografi\u0119 i dzia\u0142ania parateatralne, podejmuj\u0105c tematy przekraczania granic, walki o godno\u015b\u0107 i [&hellip;]\" \/>\n<meta property=\"og:url\" content=\"https:\/\/sophiafoundation.org.pl\/en\/rada\/\" \/>\n<meta property=\"og:site_name\" content=\"SOPHIA Foundation\" \/>\n<meta property=\"article:modified_time\" content=\"2025-07-02T09:22:54+00:00\" \/>\n<meta property=\"og:image\" content=\"https:\/\/sophiafoundation.org.pl\/wp-content\/uploads\/2024\/11\/sophia_foundation_art_and-critical_thought_Zbigniew_Bajek_2.webp\" \/>\n\t<meta property=\"og:image:width\" content=\"1536\" \/>\n\t<meta property=\"og:image:height\" content=\"1536\" \/>\n\t<meta property=\"og:image:type\" content=\"image\/webp\" \/>\n<meta name=\"twitter:card\" content=\"summary_large_image\" \/>\n<meta name=\"twitter:label1\" content=\"Estimated reading time\" \/>\n\t<meta name=\"twitter:data1\" content=\"3 minutes\" \/>\n<script type=\"application\/ld+json\" class=\"yoast-schema-graph\">{\"@context\":\"https:\/\/schema.org\",\"@graph\":[{\"@type\":\"WebPage\",\"@id\":\"https:\/\/sophiafoundation.org.pl\/rada\/\",\"url\":\"https:\/\/sophiafoundation.org.pl\/rada\/\",\"name\":\"Rada - SOPHIA Foundation\",\"isPartOf\":{\"@id\":\"https:\/\/sophiafoundation.org.pl\/#website\"},\"primaryImageOfPage\":{\"@id\":\"https:\/\/sophiafoundation.org.pl\/rada\/#primaryimage\"},\"image\":{\"@id\":\"https:\/\/sophiafoundation.org.pl\/rada\/#primaryimage\"},\"thumbnailUrl\":\"https:\/\/sophiafoundation.org.pl\/wp-content\/uploads\/2024\/11\/sophia_foundation_art_and-critical_thought_Zbigniew_Bajek_2.webp\",\"datePublished\":\"2024-11-13T19:21:05+00:00\",\"dateModified\":\"2025-07-02T09:22:54+00:00\",\"breadcrumb\":{\"@id\":\"https:\/\/sophiafoundation.org.pl\/rada\/#breadcrumb\"},\"inLanguage\":\"en-GB\",\"potentialAction\":[{\"@type\":\"ReadAction\",\"target\":[\"https:\/\/sophiafoundation.org.pl\/rada\/\"]}]},{\"@type\":\"ImageObject\",\"inLanguage\":\"en-GB\",\"@id\":\"https:\/\/sophiafoundation.org.pl\/rada\/#primaryimage\",\"url\":\"https:\/\/sophiafoundation.org.pl\/wp-content\/uploads\/2024\/11\/sophia_foundation_art_and-critical_thought_Zbigniew_Bajek_2.webp\",\"contentUrl\":\"https:\/\/sophiafoundation.org.pl\/wp-content\/uploads\/2024\/11\/sophia_foundation_art_and-critical_thought_Zbigniew_Bajek_2.webp\"},{\"@type\":\"BreadcrumbList\",\"@id\":\"https:\/\/sophiafoundation.org.pl\/rada\/#breadcrumb\",\"itemListElement\":[{\"@type\":\"ListItem\",\"position\":1,\"name\":\"Strona g\u0142\u00f3wna\",\"item\":\"https:\/\/sophiafoundation.org.pl\/\"},{\"@type\":\"ListItem\",\"position\":2,\"name\":\"Rada\"}]},{\"@type\":\"WebSite\",\"@id\":\"https:\/\/sophiafoundation.org.pl\/#website\",\"url\":\"https:\/\/sophiafoundation.org.pl\/\",\"name\":\"Sophia Foundation: Art & Critical Thought\",\"description\":\"Art &amp; Critical Thought\",\"publisher\":{\"@id\":\"https:\/\/sophiafoundation.org.pl\/#organization\"},\"potentialAction\":[{\"@type\":\"SearchAction\",\"target\":{\"@type\":\"EntryPoint\",\"urlTemplate\":\"https:\/\/sophiafoundation.org.pl\/?s={search_term_string}\"},\"query-input\":{\"@type\":\"PropertyValueSpecification\",\"valueRequired\":true,\"valueName\":\"search_term_string\"}}],\"inLanguage\":\"en-GB\"},{\"@type\":\"Organization\",\"@id\":\"https:\/\/sophiafoundation.org.pl\/#organization\",\"name\":\"Sophia Foundation: Art & Critical Thought\",\"url\":\"https:\/\/sophiafoundation.org.pl\/\",\"logo\":{\"@type\":\"ImageObject\",\"inLanguage\":\"en-GB\",\"@id\":\"https:\/\/sophiafoundation.org.pl\/#\/schema\/logo\/image\/\",\"url\":\"https:\/\/sophiafoundation.org.pl\/wp-content\/uploads\/2024\/12\/Sophia_Logo_Black_040326_margines.png\",\"contentUrl\":\"https:\/\/sophiafoundation.org.pl\/wp-content\/uploads\/2024\/12\/Sophia_Logo_Black_040326_margines.png\",\"width\":1400,\"height\":2174,\"caption\":\"Sophia Foundation: Art & Critical Thought\"},\"image\":{\"@id\":\"https:\/\/sophiafoundation.org.pl\/#\/schema\/logo\/image\/\"}}]}<\/script>\n<!-- \/ Yoast SEO plugin. -->","yoast_head_json":{"title":"Rada - SOPHIA Foundation","robots":{"index":"index","follow":"follow","max-snippet":"max-snippet:-1","max-image-preview":"max-image-preview:large","max-video-preview":"max-video-preview:-1"},"canonical":"https:\/\/sophiafoundation.org.pl\/en\/rada\/","og_locale":"en_GB","og_type":"article","og_title":"Rada - SOPHIA Foundation","og_description":"RADA FUNDACJI prof. ZBIGNIEW BAJEK Artysta i pedagog o g\u0142\u0119bokiej wra\u017cliwo\u015bci na problemy wykluczenia, to\u017csamo\u015bci i wolno\u015bci. Zwi\u0105zany z krakowsk\u0105 ASP, gdzie prowadzi interdyscyplinarne pracownie tw\u00f3rcze i kszta\u0142ci kolejne pokolenia artyst\u00f3w, inspiruj\u0105c do krytycznej refleksji nad wsp\u00f3\u0142czesnym \u015bwiatem. Jego tw\u00f3rczo\u015b\u0107 \u0142\u0105czy malarstwo, rysunek, fotografi\u0119 i dzia\u0142ania parateatralne, podejmuj\u0105c tematy przekraczania granic, walki o godno\u015b\u0107 i [&hellip;]","og_url":"https:\/\/sophiafoundation.org.pl\/en\/rada\/","og_site_name":"SOPHIA Foundation","article_modified_time":"2025-07-02T09:22:54+00:00","og_image":[{"width":1536,"height":1536,"url":"https:\/\/sophiafoundation.org.pl\/wp-content\/uploads\/2024\/11\/sophia_foundation_art_and-critical_thought_Zbigniew_Bajek_2.webp","type":"image\/webp"}],"twitter_card":"summary_large_image","twitter_misc":{"Estimated reading time":"3 minutes"},"schema":{"@context":"https:\/\/schema.org","@graph":[{"@type":"WebPage","@id":"https:\/\/sophiafoundation.org.pl\/rada\/","url":"https:\/\/sophiafoundation.org.pl\/rada\/","name":"Rada - SOPHIA Foundation","isPartOf":{"@id":"https:\/\/sophiafoundation.org.pl\/#website"},"primaryImageOfPage":{"@id":"https:\/\/sophiafoundation.org.pl\/rada\/#primaryimage"},"image":{"@id":"https:\/\/sophiafoundation.org.pl\/rada\/#primaryimage"},"thumbnailUrl":"https:\/\/sophiafoundation.org.pl\/wp-content\/uploads\/2024\/11\/sophia_foundation_art_and-critical_thought_Zbigniew_Bajek_2.webp","datePublished":"2024-11-13T19:21:05+00:00","dateModified":"2025-07-02T09:22:54+00:00","breadcrumb":{"@id":"https:\/\/sophiafoundation.org.pl\/rada\/#breadcrumb"},"inLanguage":"en-GB","potentialAction":[{"@type":"ReadAction","target":["https:\/\/sophiafoundation.org.pl\/rada\/"]}]},{"@type":"ImageObject","inLanguage":"en-GB","@id":"https:\/\/sophiafoundation.org.pl\/rada\/#primaryimage","url":"https:\/\/sophiafoundation.org.pl\/wp-content\/uploads\/2024\/11\/sophia_foundation_art_and-critical_thought_Zbigniew_Bajek_2.webp","contentUrl":"https:\/\/sophiafoundation.org.pl\/wp-content\/uploads\/2024\/11\/sophia_foundation_art_and-critical_thought_Zbigniew_Bajek_2.webp"},{"@type":"BreadcrumbList","@id":"https:\/\/sophiafoundation.org.pl\/rada\/#breadcrumb","itemListElement":[{"@type":"ListItem","position":1,"name":"Strona g\u0142\u00f3wna","item":"https:\/\/sophiafoundation.org.pl\/"},{"@type":"ListItem","position":2,"name":"Rada"}]},{"@type":"WebSite","@id":"https:\/\/sophiafoundation.org.pl\/#website","url":"https:\/\/sophiafoundation.org.pl\/","name":"Sophia Foundation: Art & Critical Thought","description":"Art &amp; Critical Thought","publisher":{"@id":"https:\/\/sophiafoundation.org.pl\/#organization"},"potentialAction":[{"@type":"SearchAction","target":{"@type":"EntryPoint","urlTemplate":"https:\/\/sophiafoundation.org.pl\/?s={search_term_string}"},"query-input":{"@type":"PropertyValueSpecification","valueRequired":true,"valueName":"search_term_string"}}],"inLanguage":"en-GB"},{"@type":"Organization","@id":"https:\/\/sophiafoundation.org.pl\/#organization","name":"Sophia Foundation: Art & Critical Thought","url":"https:\/\/sophiafoundation.org.pl\/","logo":{"@type":"ImageObject","inLanguage":"en-GB","@id":"https:\/\/sophiafoundation.org.pl\/#\/schema\/logo\/image\/","url":"https:\/\/sophiafoundation.org.pl\/wp-content\/uploads\/2024\/12\/Sophia_Logo_Black_040326_margines.png","contentUrl":"https:\/\/sophiafoundation.org.pl\/wp-content\/uploads\/2024\/12\/Sophia_Logo_Black_040326_margines.png","width":1400,"height":2174,"caption":"Sophia Foundation: Art & Critical Thought"},"image":{"@id":"https:\/\/sophiafoundation.org.pl\/#\/schema\/logo\/image\/"}}]}},"_links":{"self":[{"href":"https:\/\/sophiafoundation.org.pl\/en\/wp-json\/wp\/v2\/pages\/424","targetHints":{"allow":["GET"]}}],"collection":[{"href":"https:\/\/sophiafoundation.org.pl\/en\/wp-json\/wp\/v2\/pages"}],"about":[{"href":"https:\/\/sophiafoundation.org.pl\/en\/wp-json\/wp\/v2\/types\/page"}],"author":[{"embeddable":true,"href":"https:\/\/sophiafoundation.org.pl\/en\/wp-json\/wp\/v2\/users\/3"}],"replies":[{"embeddable":true,"href":"https:\/\/sophiafoundation.org.pl\/en\/wp-json\/wp\/v2\/comments?post=424"}],"version-history":[{"count":92,"href":"https:\/\/sophiafoundation.org.pl\/en\/wp-json\/wp\/v2\/pages\/424\/revisions"}],"predecessor-version":[{"id":1096,"href":"https:\/\/sophiafoundation.org.pl\/en\/wp-json\/wp\/v2\/pages\/424\/revisions\/1096"}],"wp:attachment":[{"href":"https:\/\/sophiafoundation.org.pl\/en\/wp-json\/wp\/v2\/media?parent=424"}],"curies":[{"name":"wp","href":"https:\/\/api.w.org\/{rel}","templated":true}]}}