{"id":2,"date":"2024-07-15T22:52:58","date_gmt":"2024-07-15T20:52:58","guid":{"rendered":"https:\/\/sophiafoundation.org.pl\/?page_id=2"},"modified":"2025-12-31T00:37:59","modified_gmt":"2025-12-30T23:37:59","slug":"sophia-foundation-art-critical-thought","status":"publish","type":"page","link":"https:\/\/sophiafoundation.org.pl\/en\/","title":{"rendered":"Mission Statement"},"content":{"rendered":"<div data-elementor-type=\"wp-page\" data-elementor-id=\"2\" class=\"elementor elementor-2\">\n\t\t\t\t<div class=\"elementor-element elementor-element-ee36596 animated-fast e-flex e-con-boxed elementor-invisible e-con e-parent\" data-id=\"ee36596\" data-element_type=\"container\" data-settings=\"{&quot;background_background&quot;:&quot;classic&quot;,&quot;animation&quot;:&quot;fadeInUp&quot;}\">\n\t\t\t\t\t<div class=\"e-con-inner\">\n\t\t\t\t<div class=\"elementor-element elementor-element-b09ff2c elementor-widget elementor-widget-heading\" data-id=\"b09ff2c\" data-element_type=\"widget\" data-widget_type=\"heading.default\">\n\t\t\t\t<div class=\"elementor-widget-container\">\n\t\t\t<h1 class=\"elementor-heading-title elementor-size-default\"><b>It is almost impossible to think of a crime that has not been committed in the name of humanity.<\/b><br><br><i>Tony Davies<\/i><\/h1>\t\t<\/div>\n\t\t\t\t<\/div>\n\t\t\t\t\t<\/div>\n\t\t\t\t<\/div>\n\t\t<div class=\"elementor-element elementor-element-ca5f125 e-flex e-con-boxed e-con e-parent\" data-id=\"ca5f125\" data-element_type=\"container\">\n\t\t\t\t\t<div class=\"e-con-inner\">\n\t\t\t\t<div class=\"elementor-element elementor-element-8d8f005 elementor-widget elementor-widget-spacer\" data-id=\"8d8f005\" data-element_type=\"widget\" data-widget_type=\"spacer.default\">\n\t\t\t\t<div class=\"elementor-widget-container\">\n\t\t\t\t\t<div class=\"elementor-spacer\">\n\t\t\t<div class=\"elementor-spacer-inner\"><\/div>\n\t\t<\/div>\n\t\t\t\t<\/div>\n\t\t\t\t<\/div>\n\t\t\t\t<div class=\"elementor-element elementor-element-04a4f9e elementor-widget elementor-widget-text-editor\" data-id=\"04a4f9e\" data-element_type=\"widget\" data-widget_type=\"text-editor.default\">\n\t\t\t\t<div class=\"elementor-widget-container\">\n\t\t\t\t\t\t\t<div>Likwidator Fundacji Sztuki Wsp\u00f3\u0142czesnej MYTO z siedzib\u0105 w Katowicach, wpisanej do rejestru stowarzysze\u0144, innych organizacji spo\u0142ecznych i zawodowych, fundacji oraz samodzielnych publicznych zak\u0142ad\u00f3w opieki zdrowotnej Krajowego Rejestru S\u0105dowego, prowadzonych przez S\u0105d Rejonowy Katowice-Wsch\u00f3d w Katowicach pod numerem KRS: 0000585199, niniejszym zamieszcza og\u0142oszenie o nast\u0119puj\u0105cej tre\u015bci:<\/div><div>\u00a0<\/div><div>Zarz\u0105d Fundacji Sztuki Wsp\u00f3\u0142czesnej MYTO z siedzib\u0105 w Katowicach Uchwa\u0142\u0105 Nr 1\/2025 z dnia 29 grudnia 2025 r. postanowi\u0142a rozwi\u0105za\u0107 fundacj\u0119 i postawi\u0107 j\u0105 w stan likwidacji. W zwi\u0105zku z powy\u017cszym wzywa si\u0119 wierzycieli fundacji, aby zg\u0142osili swe wierzytelno\u015bci w terminie 3 miesi\u0119cy od daty og\u0142oszenia. Zg\u0142oszenia przyjmowane s\u0105 pod adresem: ul. Dekerta 2a\/6, 40-143 Katowice.<\/div>\t\t\t\t\t\t<\/div>\n\t\t\t\t<\/div>\n\t\t\t\t<div class=\"elementor-element elementor-element-f134fea elementor-widget elementor-widget-spacer\" data-id=\"f134fea\" data-element_type=\"widget\" data-widget_type=\"spacer.default\">\n\t\t\t\t<div class=\"elementor-widget-container\">\n\t\t\t\t\t<div class=\"elementor-spacer\">\n\t\t\t<div class=\"elementor-spacer-inner\"><\/div>\n\t\t<\/div>\n\t\t\t\t<\/div>\n\t\t\t\t<\/div>\n\t\t\t\t<div class=\"elementor-element elementor-element-a95a6c6 elementor-widget__width-inherit elementor-widget elementor-widget-heading\" data-id=\"a95a6c6\" data-element_type=\"widget\" data-widget_type=\"heading.default\">\n\t\t\t\t<div class=\"elementor-widget-container\">\n\t\t\t<h2 class=\"elementor-heading-title elementor-size-default\"><b>Engaged creativity. Critical thought. Responsibility for the world.<\/b><\/h2>\t\t<\/div>\n\t\t\t\t<\/div>\n\t\t\t\t<div class=\"elementor-element elementor-element-24b1a82 elementor-widget elementor-widget-spacer\" data-id=\"24b1a82\" data-element_type=\"widget\" data-widget_type=\"spacer.default\">\n\t\t\t\t<div class=\"elementor-widget-container\">\n\t\t\t\t\t<div class=\"elementor-spacer\">\n\t\t\t<div class=\"elementor-spacer-inner\"><\/div>\n\t\t<\/div>\n\t\t\t\t<\/div>\n\t\t\t\t<\/div>\n\t\t\t\t\t<\/div>\n\t\t\t\t<\/div>\n\t\t<div class=\"elementor-element elementor-element-ae67e7e e-flex e-con-boxed e-con e-parent\" data-id=\"ae67e7e\" data-element_type=\"container\">\n\t\t\t\t\t<div class=\"e-con-inner\">\n\t\t<div class=\"elementor-element elementor-element-063fd18 e-con-full e-flex e-con e-child\" data-id=\"063fd18\" data-element_type=\"container\">\n\t\t\t\t<div class=\"elementor-element elementor-element-3eebac1 elementor-widget elementor-widget-image\" data-id=\"3eebac1\" data-element_type=\"widget\" data-widget_type=\"image.default\">\n\t\t\t\t<div class=\"elementor-widget-container\">\n\t\t\t\t\t\t\t\t\t\t\t\t\t<img fetchpriority=\"high\" decoding=\"async\" width=\"2048\" height=\"2048\" src=\"https:\/\/sophiafoundation.org.pl\/wp-content\/uploads\/2024\/11\/sophia_foundation_art_and-critical_thought_70.webp\" class=\"attachment-2048x2048 size-2048x2048 wp-image-157\" alt=\"\" srcset=\"https:\/\/sophiafoundation.org.pl\/wp-content\/uploads\/2024\/11\/sophia_foundation_art_and-critical_thought_70.webp 2048w, https:\/\/sophiafoundation.org.pl\/wp-content\/uploads\/2024\/11\/sophia_foundation_art_and-critical_thought_70-300x300.webp 300w, https:\/\/sophiafoundation.org.pl\/wp-content\/uploads\/2024\/11\/sophia_foundation_art_and-critical_thought_70-1024x1024.webp 1024w, https:\/\/sophiafoundation.org.pl\/wp-content\/uploads\/2024\/11\/sophia_foundation_art_and-critical_thought_70-150x150.webp 150w, https:\/\/sophiafoundation.org.pl\/wp-content\/uploads\/2024\/11\/sophia_foundation_art_and-critical_thought_70-768x768.webp 768w, https:\/\/sophiafoundation.org.pl\/wp-content\/uploads\/2024\/11\/sophia_foundation_art_and-critical_thought_70-1536x1536.webp 1536w, https:\/\/sophiafoundation.org.pl\/wp-content\/uploads\/2024\/11\/sophia_foundation_art_and-critical_thought_70-12x12.webp 12w\" sizes=\"(max-width: 2048px) 100vw, 2048px\" \/>\t\t\t\t\t\t\t\t\t\t\t\t\t<\/div>\n\t\t\t\t<\/div>\n\t\t\t\t<\/div>\n\t\t<div class=\"elementor-element elementor-element-415927d e-con-full e-flex e-con e-child\" data-id=\"415927d\" data-element_type=\"container\">\n\t\t\t\t<div class=\"elementor-element elementor-element-4a97d50 elementor-widget elementor-widget-text-editor\" data-id=\"4a97d50\" data-element_type=\"widget\" data-widget_type=\"text-editor.default\">\n\t\t\t\t<div class=\"elementor-widget-container\">\n\t\t\t\t\t\t\t<p><strong>Sophia Foundation: Art &amp; Critical Thought<\/strong> is a space for research, design and publishing collaboration at the intersection of art, philosophy and critical cultural reflection. In the face of <strong>humanism in crisis<\/strong>, when the idea of human rights and dignity is sometimes used as a facade for exclusionary and oppressive actions, we support <strong>engaged art and literature<\/strong>. Our mission is to create a space for dialogue without imposing narratives, based on respect for the diversity of other cultures, often marginalized in global discourse. We focus on human rights, justice, migration, refugees and critique of official historical narratives. We are vigilant against <strong>ideologies justifying crimes \u2013 from colonialism to totalitarianism \u2013 as well as nationalist tendencies and the politics of globalism<\/strong>, which often lead to new forms of exclusion.<\/p>\t\t\t\t\t\t<\/div>\n\t\t\t\t<\/div>\n\t\t\t\t<\/div>\n\t\t\t\t\t<\/div>\n\t\t\t\t<\/div>\n\t\t<div class=\"elementor-element elementor-element-5a3f134 e-flex e-con-boxed e-con e-parent\" data-id=\"5a3f134\" data-element_type=\"container\">\n\t\t\t\t\t<div class=\"e-con-inner\">\n\t\t\t\t<div class=\"elementor-element elementor-element-e09d8af elementor-widget elementor-widget-spacer\" data-id=\"e09d8af\" data-element_type=\"widget\" data-widget_type=\"spacer.default\">\n\t\t\t\t<div class=\"elementor-widget-container\">\n\t\t\t\t\t<div class=\"elementor-spacer\">\n\t\t\t<div class=\"elementor-spacer-inner\"><\/div>\n\t\t<\/div>\n\t\t\t\t<\/div>\n\t\t\t\t<\/div>\n\t\t\t\t<div class=\"elementor-element elementor-element-6f086c2 elementor-widget elementor-widget-text-editor\" data-id=\"6f086c2\" data-element_type=\"widget\" data-widget_type=\"text-editor.default\">\n\t\t\t\t<div class=\"elementor-widget-container\">\n\t\t\t\t\t\t\t<p>Our activities focus on three main areas:<\/p><p><strong>Engaged art and literature<\/strong><\/p><p>We support creativity that raises questions, stirs consciences and initiates dialogue around the most important challenges of the present: human rights, social justice, migration, refugees or criticism of official historical narratives. The art and literature that we promote face the manifestations of the crisis of humanism \u2014 exclusion, instrumentalization of values, growing inequalities and loss of sensitivity to other people.<\/p><p><strong>Critical reflection and humanistic research<\/strong><\/p><p>We conduct interdisciplinary research at the interface of art, philosophy and critical thought, creating new languages and narratives free from violence and hegemony. We place the crisis of humanism at the center of reflection, asking about the future of human rights, ethical values and freedom. We also take up the topics of technology and humanity, exclusion, symbolic violence, climate catastrophe and globalization.<\/p><p><strong>Dialogue, education and intercultural cooperation<\/strong><\/p><p>We create a space for authentic dialogue, free from imposing narratives, based on respect for diversity and sensitivity to different traditions of thought. Our activities are not limited to building bridges between cultures \u2013 we also reflect on contemporary forms of the crisis of humanism, which are revealed in social tensions, nationalisms, the politics of globalism and exclusionary ideologies. We organize conferences, panels, workshops and educational projects, which become a place for asking difficult questions about the human condition and the future of the community.<\/p>\t\t\t\t\t\t<\/div>\n\t\t\t\t<\/div>\n\t\t\t\t<div class=\"elementor-element elementor-element-1f2ed41 elementor-widget elementor-widget-spacer\" data-id=\"1f2ed41\" data-element_type=\"widget\" data-widget_type=\"spacer.default\">\n\t\t\t\t<div class=\"elementor-widget-container\">\n\t\t\t\t\t<div class=\"elementor-spacer\">\n\t\t\t<div class=\"elementor-spacer-inner\"><\/div>\n\t\t<\/div>\n\t\t\t\t<\/div>\n\t\t\t\t<\/div>\n\t\t\t\t<div class=\"elementor-element elementor-element-3c97f63 elementor-widget__width-inherit elementor-widget elementor-widget-text-editor\" data-id=\"3c97f63\" data-element_type=\"widget\" data-widget_type=\"text-editor.default\">\n\t\t\t\t<div class=\"elementor-widget-container\">\n\t\t\t\t\t\t\t<p>Sophia Foundation: Art &amp; Critical Thought <strong>is an independent and apolitical initiative<\/strong>.<\/p>\t\t\t\t\t\t<\/div>\n\t\t\t\t<\/div>\n\t\t\t\t<div class=\"elementor-element elementor-element-f43e20b elementor-widget elementor-widget-spacer\" data-id=\"f43e20b\" data-element_type=\"widget\" data-widget_type=\"spacer.default\">\n\t\t\t\t<div class=\"elementor-widget-container\">\n\t\t\t\t\t<div class=\"elementor-spacer\">\n\t\t\t<div class=\"elementor-spacer-inner\"><\/div>\n\t\t<\/div>\n\t\t\t\t<\/div>\n\t\t\t\t<\/div>\n\t\t\t\t\t<\/div>\n\t\t\t\t<\/div>\n\t\t<div class=\"elementor-element elementor-element-215111d e-flex e-con-boxed e-con e-parent\" data-id=\"215111d\" data-element_type=\"container\" data-settings=\"{&quot;background_background&quot;:&quot;classic&quot;}\">\n\t\t\t\t\t<div class=\"e-con-inner\">\n\t\t\t\t<div class=\"elementor-element elementor-element-67ae8ab elementor-widget elementor-widget-image\" data-id=\"67ae8ab\" data-element_type=\"widget\" data-widget_type=\"image.default\">\n\t\t\t\t<div class=\"elementor-widget-container\">\n\t\t\t\t\t\t\t\t\t\t\t\t\t<img decoding=\"async\" width=\"180\" height=\"300\" src=\"https:\/\/sophiafoundation.org.pl\/wp-content\/uploads\/2024\/11\/Sophia_Logo_White-180x300.png\" class=\"attachment-medium size-medium wp-image-178\" alt=\"\" srcset=\"https:\/\/sophiafoundation.org.pl\/wp-content\/uploads\/2024\/11\/Sophia_Logo_White-180x300.png 180w, https:\/\/sophiafoundation.org.pl\/wp-content\/uploads\/2024\/11\/Sophia_Logo_White-615x1024.png 615w, https:\/\/sophiafoundation.org.pl\/wp-content\/uploads\/2024\/11\/Sophia_Logo_White-768x1280.png 768w, https:\/\/sophiafoundation.org.pl\/wp-content\/uploads\/2024\/11\/Sophia_Logo_White-922x1536.png 922w, https:\/\/sophiafoundation.org.pl\/wp-content\/uploads\/2024\/11\/Sophia_Logo_White-7x12.png 7w, https:\/\/sophiafoundation.org.pl\/wp-content\/uploads\/2024\/11\/Sophia_Logo_White.png 1163w\" sizes=\"(max-width: 180px) 100vw, 180px\" \/>\t\t\t\t\t\t\t\t\t\t\t\t\t<\/div>\n\t\t\t\t<\/div>\n\t\t\t\t\t<\/div>\n\t\t\t\t<\/div>\n\t\t\t\t<\/div>","protected":false},"excerpt":{"rendered":"<p>It is almost impossible to think of a crime that has not been committed in the name of humanity. Tony Davies Likwidator Fundacji Sztuki Wsp\u00f3\u0142czesnej MYTO z siedzib\u0105 w Katowicach, wpisanej do rejestru stowarzysze\u0144, innych organizacji spo\u0142ecznych i zawodowych, fundacji oraz samodzielnych publicznych zak\u0142ad\u00f3w opieki zdrowotnej Krajowego Rejestru S\u0105dowego, prowadzonych przez S\u0105d Rejonowy Katowice-Wsch\u00f3d w [&hellip;]<\/p>","protected":false},"author":1,"featured_media":814,"parent":0,"menu_order":0,"comment_status":"closed","ping_status":"open","template":"","meta":{"footnotes":""},"class_list":["post-2","page","type-page","status-publish","has-post-thumbnail","hentry"],"yoast_head":"<!-- This site is optimized with the Yoast SEO plugin v24.0 - https:\/\/yoast.com\/wordpress\/plugins\/seo\/ -->\n<title>Mission Statement - SOPHIA Foundation<\/title>\n<meta name=\"description\" content=\"The guiding mission of Sophia Foundation: Art &amp; Critical Thought is to promote contemporary art and socially engaged literature, reflection within the broadly understood movement of humanism.\" \/>\n<meta name=\"robots\" content=\"index, follow, max-snippet:-1, max-image-preview:large, max-video-preview:-1\" \/>\n<link rel=\"canonical\" href=\"https:\/\/sophiafoundation.org.pl\/en\/\" \/>\n<meta property=\"og:locale\" content=\"en_GB\" \/>\n<meta property=\"og:type\" content=\"article\" \/>\n<meta property=\"og:title\" content=\"Mission Statement - SOPHIA Foundation\" \/>\n<meta property=\"og:description\" content=\"The guiding mission of Sophia Foundation: Art &amp; Critical Thought is to promote contemporary art and socially engaged literature, reflection within the broadly understood movement of humanism.\" \/>\n<meta property=\"og:url\" content=\"https:\/\/sophiafoundation.org.pl\/en\/\" \/>\n<meta property=\"og:site_name\" content=\"SOPHIA Foundation\" \/>\n<meta property=\"article:modified_time\" content=\"2025-12-30T23:37:59+00:00\" \/>\n<meta property=\"og:image\" content=\"https:\/\/sophiafoundation.org.pl\/wp-content\/uploads\/2024\/12\/Sophia_Foundation_Art_And_Critical_Thought.jpg\" \/>\n\t<meta property=\"og:image:width\" content=\"2048\" \/>\n\t<meta property=\"og:image:height\" content=\"1152\" \/>\n\t<meta property=\"og:image:type\" content=\"image\/jpeg\" \/>\n<meta name=\"twitter:card\" content=\"summary_large_image\" \/>\n<meta name=\"twitter:label1\" content=\"Estimated reading time\" \/>\n\t<meta name=\"twitter:data1\" content=\"4 minutes\" \/>\n<script type=\"application\/ld+json\" class=\"yoast-schema-graph\">{\"@context\":\"https:\/\/schema.org\",\"@graph\":[{\"@type\":\"WebPage\",\"@id\":\"https:\/\/sophiafoundation.org.pl\/\",\"url\":\"https:\/\/sophiafoundation.org.pl\/\",\"name\":\"Mission Statement - SOPHIA Foundation\",\"isPartOf\":{\"@id\":\"https:\/\/sophiafoundation.org.pl\/#website\"},\"primaryImageOfPage\":{\"@id\":\"https:\/\/sophiafoundation.org.pl\/#primaryimage\"},\"image\":{\"@id\":\"https:\/\/sophiafoundation.org.pl\/#primaryimage\"},\"thumbnailUrl\":\"https:\/\/sophiafoundation.org.pl\/wp-content\/uploads\/2024\/12\/Sophia_Foundation_Art_And_Critical_Thought.jpg\",\"datePublished\":\"2024-07-15T20:52:58+00:00\",\"dateModified\":\"2025-12-30T23:37:59+00:00\",\"description\":\"The guiding mission of Sophia Foundation: Art & Critical Thought is to promote contemporary art and socially engaged literature, reflection within the broadly understood movement of humanism.\",\"breadcrumb\":{\"@id\":\"https:\/\/sophiafoundation.org.pl\/#breadcrumb\"},\"inLanguage\":\"en-GB\",\"potentialAction\":[{\"@type\":\"ReadAction\",\"target\":[\"https:\/\/sophiafoundation.org.pl\/\"]}]},{\"@type\":\"ImageObject\",\"inLanguage\":\"en-GB\",\"@id\":\"https:\/\/sophiafoundation.org.pl\/#primaryimage\",\"url\":\"https:\/\/sophiafoundation.org.pl\/wp-content\/uploads\/2024\/12\/Sophia_Foundation_Art_And_Critical_Thought.jpg\",\"contentUrl\":\"https:\/\/sophiafoundation.org.pl\/wp-content\/uploads\/2024\/12\/Sophia_Foundation_Art_And_Critical_Thought.jpg\",\"width\":2048,\"height\":1152},{\"@type\":\"BreadcrumbList\",\"@id\":\"https:\/\/sophiafoundation.org.pl\/#breadcrumb\",\"itemListElement\":[{\"@type\":\"ListItem\",\"position\":1,\"name\":\"Strona g\u0142\u00f3wna\",\"item\":\"https:\/\/sophiafoundation.org.pl\/\"},{\"@type\":\"ListItem\",\"position\":2,\"name\":\"Mission Statement\"}]},{\"@type\":\"WebSite\",\"@id\":\"https:\/\/sophiafoundation.org.pl\/#website\",\"url\":\"https:\/\/sophiafoundation.org.pl\/\",\"name\":\"Sophia Foundation: Art & Critical Thought\",\"description\":\"Art &amp; Critical Thought\",\"publisher\":{\"@id\":\"https:\/\/sophiafoundation.org.pl\/#organization\"},\"potentialAction\":[{\"@type\":\"SearchAction\",\"target\":{\"@type\":\"EntryPoint\",\"urlTemplate\":\"https:\/\/sophiafoundation.org.pl\/?s={search_term_string}\"},\"query-input\":{\"@type\":\"PropertyValueSpecification\",\"valueRequired\":true,\"valueName\":\"search_term_string\"}}],\"inLanguage\":\"en-GB\"},{\"@type\":\"Organization\",\"@id\":\"https:\/\/sophiafoundation.org.pl\/#organization\",\"name\":\"Sophia Foundation: Art & Critical Thought\",\"url\":\"https:\/\/sophiafoundation.org.pl\/\",\"logo\":{\"@type\":\"ImageObject\",\"inLanguage\":\"en-GB\",\"@id\":\"https:\/\/sophiafoundation.org.pl\/#\/schema\/logo\/image\/\",\"url\":\"https:\/\/sophiafoundation.org.pl\/wp-content\/uploads\/2024\/12\/Sophia_Logo_Black_040326_margines.png\",\"contentUrl\":\"https:\/\/sophiafoundation.org.pl\/wp-content\/uploads\/2024\/12\/Sophia_Logo_Black_040326_margines.png\",\"width\":1400,\"height\":2174,\"caption\":\"Sophia Foundation: Art & Critical Thought\"},\"image\":{\"@id\":\"https:\/\/sophiafoundation.org.pl\/#\/schema\/logo\/image\/\"}}]}<\/script>\n<!-- \/ Yoast SEO plugin. -->","yoast_head_json":{"title":"Mission Statement - SOPHIA Foundation","description":"The guiding mission of Sophia Foundation: Art & Critical Thought is to promote contemporary art and socially engaged literature, reflection within the broadly understood movement of humanism.","robots":{"index":"index","follow":"follow","max-snippet":"max-snippet:-1","max-image-preview":"max-image-preview:large","max-video-preview":"max-video-preview:-1"},"canonical":"https:\/\/sophiafoundation.org.pl\/en\/","og_locale":"en_GB","og_type":"article","og_title":"Mission Statement - SOPHIA Foundation","og_description":"The guiding mission of Sophia Foundation: Art & Critical Thought is to promote contemporary art and socially engaged literature, reflection within the broadly understood movement of humanism.","og_url":"https:\/\/sophiafoundation.org.pl\/en\/","og_site_name":"SOPHIA Foundation","article_modified_time":"2025-12-30T23:37:59+00:00","og_image":[{"width":2048,"height":1152,"url":"https:\/\/sophiafoundation.org.pl\/wp-content\/uploads\/2024\/12\/Sophia_Foundation_Art_And_Critical_Thought.jpg","type":"image\/jpeg"}],"twitter_card":"summary_large_image","twitter_misc":{"Estimated reading time":"4 minutes"},"schema":{"@context":"https:\/\/schema.org","@graph":[{"@type":"WebPage","@id":"https:\/\/sophiafoundation.org.pl\/","url":"https:\/\/sophiafoundation.org.pl\/","name":"Mission Statement - SOPHIA Foundation","isPartOf":{"@id":"https:\/\/sophiafoundation.org.pl\/#website"},"primaryImageOfPage":{"@id":"https:\/\/sophiafoundation.org.pl\/#primaryimage"},"image":{"@id":"https:\/\/sophiafoundation.org.pl\/#primaryimage"},"thumbnailUrl":"https:\/\/sophiafoundation.org.pl\/wp-content\/uploads\/2024\/12\/Sophia_Foundation_Art_And_Critical_Thought.jpg","datePublished":"2024-07-15T20:52:58+00:00","dateModified":"2025-12-30T23:37:59+00:00","description":"The guiding mission of Sophia Foundation: Art & Critical Thought is to promote contemporary art and socially engaged literature, reflection within the broadly understood movement of humanism.","breadcrumb":{"@id":"https:\/\/sophiafoundation.org.pl\/#breadcrumb"},"inLanguage":"en-GB","potentialAction":[{"@type":"ReadAction","target":["https:\/\/sophiafoundation.org.pl\/"]}]},{"@type":"ImageObject","inLanguage":"en-GB","@id":"https:\/\/sophiafoundation.org.pl\/#primaryimage","url":"https:\/\/sophiafoundation.org.pl\/wp-content\/uploads\/2024\/12\/Sophia_Foundation_Art_And_Critical_Thought.jpg","contentUrl":"https:\/\/sophiafoundation.org.pl\/wp-content\/uploads\/2024\/12\/Sophia_Foundation_Art_And_Critical_Thought.jpg","width":2048,"height":1152},{"@type":"BreadcrumbList","@id":"https:\/\/sophiafoundation.org.pl\/#breadcrumb","itemListElement":[{"@type":"ListItem","position":1,"name":"Strona g\u0142\u00f3wna","item":"https:\/\/sophiafoundation.org.pl\/"},{"@type":"ListItem","position":2,"name":"Mission Statement"}]},{"@type":"WebSite","@id":"https:\/\/sophiafoundation.org.pl\/#website","url":"https:\/\/sophiafoundation.org.pl\/","name":"Sophia Foundation: Art & Critical Thought","description":"Art &amp; Critical Thought","publisher":{"@id":"https:\/\/sophiafoundation.org.pl\/#organization"},"potentialAction":[{"@type":"SearchAction","target":{"@type":"EntryPoint","urlTemplate":"https:\/\/sophiafoundation.org.pl\/?s={search_term_string}"},"query-input":{"@type":"PropertyValueSpecification","valueRequired":true,"valueName":"search_term_string"}}],"inLanguage":"en-GB"},{"@type":"Organization","@id":"https:\/\/sophiafoundation.org.pl\/#organization","name":"Sophia Foundation: Art & Critical Thought","url":"https:\/\/sophiafoundation.org.pl\/","logo":{"@type":"ImageObject","inLanguage":"en-GB","@id":"https:\/\/sophiafoundation.org.pl\/#\/schema\/logo\/image\/","url":"https:\/\/sophiafoundation.org.pl\/wp-content\/uploads\/2024\/12\/Sophia_Logo_Black_040326_margines.png","contentUrl":"https:\/\/sophiafoundation.org.pl\/wp-content\/uploads\/2024\/12\/Sophia_Logo_Black_040326_margines.png","width":1400,"height":2174,"caption":"Sophia Foundation: Art & Critical Thought"},"image":{"@id":"https:\/\/sophiafoundation.org.pl\/#\/schema\/logo\/image\/"}}]}},"_links":{"self":[{"href":"https:\/\/sophiafoundation.org.pl\/en\/wp-json\/wp\/v2\/pages\/2","targetHints":{"allow":["GET"]}}],"collection":[{"href":"https:\/\/sophiafoundation.org.pl\/en\/wp-json\/wp\/v2\/pages"}],"about":[{"href":"https:\/\/sophiafoundation.org.pl\/en\/wp-json\/wp\/v2\/types\/page"}],"author":[{"embeddable":true,"href":"https:\/\/sophiafoundation.org.pl\/en\/wp-json\/wp\/v2\/users\/1"}],"replies":[{"embeddable":true,"href":"https:\/\/sophiafoundation.org.pl\/en\/wp-json\/wp\/v2\/comments?post=2"}],"version-history":[{"count":77,"href":"https:\/\/sophiafoundation.org.pl\/en\/wp-json\/wp\/v2\/pages\/2\/revisions"}],"predecessor-version":[{"id":1191,"href":"https:\/\/sophiafoundation.org.pl\/en\/wp-json\/wp\/v2\/pages\/2\/revisions\/1191"}],"wp:featuredmedia":[{"embeddable":true,"href":"https:\/\/sophiafoundation.org.pl\/en\/wp-json\/wp\/v2\/media\/814"}],"wp:attachment":[{"href":"https:\/\/sophiafoundation.org.pl\/en\/wp-json\/wp\/v2\/media?parent=2"}],"curies":[{"name":"wp","href":"https:\/\/api.w.org\/{rel}","templated":true}]}}