{"id":1104,"date":"2025-07-02T12:37:26","date_gmt":"2025-07-02T10:37:26","guid":{"rendered":"https:\/\/sophiafoundation.org.pl\/?page_id=1104"},"modified":"2025-07-16T16:32:37","modified_gmt":"2025-07-16T14:32:37","slug":"elementor-strona-1104","status":"publish","type":"page","link":"https:\/\/sophiafoundation.org.pl\/en\/elementor-strona-1104\/","title":{"rendered":"Collaboration"},"content":{"rendered":"<div data-elementor-type=\"wp-page\" data-elementor-id=\"1104\" class=\"elementor elementor-1104\">\n\t\t\t\t<div class=\"elementor-element elementor-element-3770bac7 animated-fast e-flex e-con-boxed elementor-invisible e-con e-parent\" data-id=\"3770bac7\" data-element_type=\"container\" data-settings=\"{&quot;background_background&quot;:&quot;classic&quot;,&quot;animation&quot;:&quot;fadeInUp&quot;}\">\n\t\t\t\t\t<div class=\"e-con-inner\">\n\t\t\t\t<div class=\"elementor-element elementor-element-6b1fb501 elementor-widget elementor-widget-heading\" data-id=\"6b1fb501\" data-element_type=\"widget\" data-widget_type=\"heading.default\">\n\t\t\t\t<div class=\"elementor-widget-container\">\n\t\t\t<h1 class=\"elementor-heading-title elementor-size-default\">COLLABORATION<\/h1>\t\t<\/div>\n\t\t\t\t<\/div>\n\t\t\t\t\t<\/div>\n\t\t\t\t<\/div>\n\t\t<div class=\"elementor-element elementor-element-258586f1 e-flex e-con-boxed e-con e-parent\" data-id=\"258586f1\" data-element_type=\"container\">\n\t\t\t\t\t<div class=\"e-con-inner\">\n\t\t\t\t<div class=\"elementor-element elementor-element-203080dc elementor-widget elementor-widget-spacer\" data-id=\"203080dc\" data-element_type=\"widget\" data-widget_type=\"spacer.default\">\n\t\t\t\t<div class=\"elementor-widget-container\">\n\t\t\t\t\t<div class=\"elementor-spacer\">\n\t\t\t<div class=\"elementor-spacer-inner\"><\/div>\n\t\t<\/div>\n\t\t\t\t<\/div>\n\t\t\t\t<\/div>\n\t\t\t\t\t<\/div>\n\t\t\t\t<\/div>\n\t\t<div class=\"elementor-element elementor-element-1b859bb0 e-flex e-con-boxed e-con e-parent\" data-id=\"1b859bb0\" data-element_type=\"container\">\n\t\t\t\t\t<div class=\"e-con-inner\">\n\t\t<div class=\"elementor-element elementor-element-268c57b e-con-full e-flex e-con e-child\" data-id=\"268c57b\" data-element_type=\"container\">\n\t\t\t\t<div class=\"elementor-element elementor-element-5f31ed18 elementor-widget elementor-widget-heading\" data-id=\"5f31ed18\" data-element_type=\"widget\" data-widget_type=\"heading.default\">\n\t\t\t\t<div class=\"elementor-widget-container\">\n\t\t\t<h2 class=\"elementor-heading-title elementor-size-default\"><b>AGNES JAWOREK, PhD<\/b><\/h2>\t\t<\/div>\n\t\t\t\t<\/div>\n\t\t\t\t<div class=\"elementor-element elementor-element-6d6a1c98 elementor-widget elementor-widget-text-editor\" data-id=\"6d6a1c98\" data-element_type=\"widget\" data-widget_type=\"text-editor.default\">\n\t\t\t\t<div class=\"elementor-widget-container\">\n\t\t\t\t\t\t\t<p>Polish visual artist. Graduate of the Academy of Fine Arts in Katowice. Doctor of fine arts. In 2013, winner of the Prize of the Minister of Culture and National Heritage, as well as the Stipend of the Minister of Science and Higher Education for outstanding achievements. Holder of a stipend from the programme Kultura polska na \u015bwiecie [Polish Culture in the World ] of the Adam Mickiewicz Institute (2013). In 2016 she received the Stipend of the Minister of Culture and National Heritage for doctoral candidates for outstanding scholarly and artistic achievements of international scope. In 2017 she defended a PhD thesis entitled <em>Aegrum corpus quassari etiam lenibus solet offensis. Alfabetyzm i analfabetyzm zdrowotny [A sick body trembles even when lightly touched. Health Literacy and Illiteracy].<\/em> The artist employs various forms of artistic expression: painting, drawing, print, photography, neons, installations, spatial objects and video projections. She has participated in numerous individual and group exhibitions in Poland and abroad (including ones in France, Italy, Spain, Portugal, Germany, England, USA, Nepal, Ukraine, Bulgaria, Czech Republic, Slovakia).<\/p>\t\t\t\t\t\t<\/div>\n\t\t\t\t<\/div>\n\t\t\t\t<\/div>\n\t\t<div class=\"elementor-element elementor-element-3f4bdebd e-con-full e-flex e-con e-child\" data-id=\"3f4bdebd\" data-element_type=\"container\">\n\t\t\t\t<div class=\"elementor-element elementor-element-7a3f485c elementor-widget elementor-widget-image\" data-id=\"7a3f485c\" data-element_type=\"widget\" data-widget_type=\"image.default\">\n\t\t\t\t<div class=\"elementor-widget-container\">\n\t\t\t\t\t\t\t\t\t\t\t\t\t<img fetchpriority=\"high\" decoding=\"async\" width=\"1536\" height=\"1536\" src=\"https:\/\/sophiafoundation.org.pl\/wp-content\/uploads\/2025\/07\/sophia_foundation_art_and-critical_thought_Agnieszka_Jaworek_artist.jpg\" class=\"attachment-2048x2048 size-2048x2048 wp-image-1107\" alt=\"\" srcset=\"https:\/\/sophiafoundation.org.pl\/wp-content\/uploads\/2025\/07\/sophia_foundation_art_and-critical_thought_Agnieszka_Jaworek_artist.jpg 1536w, https:\/\/sophiafoundation.org.pl\/wp-content\/uploads\/2025\/07\/sophia_foundation_art_and-critical_thought_Agnieszka_Jaworek_artist-300x300.jpg 300w, https:\/\/sophiafoundation.org.pl\/wp-content\/uploads\/2025\/07\/sophia_foundation_art_and-critical_thought_Agnieszka_Jaworek_artist-1024x1024.jpg 1024w, https:\/\/sophiafoundation.org.pl\/wp-content\/uploads\/2025\/07\/sophia_foundation_art_and-critical_thought_Agnieszka_Jaworek_artist-150x150.jpg 150w, https:\/\/sophiafoundation.org.pl\/wp-content\/uploads\/2025\/07\/sophia_foundation_art_and-critical_thought_Agnieszka_Jaworek_artist-768x768.jpg 768w, https:\/\/sophiafoundation.org.pl\/wp-content\/uploads\/2025\/07\/sophia_foundation_art_and-critical_thought_Agnieszka_Jaworek_artist-12x12.jpg 12w\" sizes=\"(max-width: 1536px) 100vw, 1536px\" \/>\t\t\t\t\t\t\t\t\t\t\t\t\t<\/div>\n\t\t\t\t<\/div>\n\t\t\t\t<\/div>\n\t\t\t\t\t<\/div>\n\t\t\t\t<\/div>\n\t\t<div class=\"elementor-element elementor-element-1aa33f4 e-flex e-con-boxed e-con e-parent\" data-id=\"1aa33f4\" data-element_type=\"container\">\n\t\t\t\t\t<div class=\"e-con-inner\">\n\t\t\t\t<div class=\"elementor-element elementor-element-220fd555 elementor-widget elementor-widget-spacer\" data-id=\"220fd555\" data-element_type=\"widget\" data-widget_type=\"spacer.default\">\n\t\t\t\t<div class=\"elementor-widget-container\">\n\t\t\t\t\t<div class=\"elementor-spacer\">\n\t\t\t<div class=\"elementor-spacer-inner\"><\/div>\n\t\t<\/div>\n\t\t\t\t<\/div>\n\t\t\t\t<\/div>\n\t\t\t\t\t<\/div>\n\t\t\t\t<\/div>\n\t\t<div class=\"elementor-element elementor-element-18bac342 e-flex e-con-boxed e-con e-parent\" data-id=\"18bac342\" data-element_type=\"container\">\n\t\t\t\t\t<div class=\"e-con-inner\">\n\t\t<div class=\"elementor-element elementor-element-708e96b5 e-con-full e-flex e-con e-child\" data-id=\"708e96b5\" data-element_type=\"container\">\n\t\t\t\t<div class=\"elementor-element elementor-element-1421420d elementor-widget elementor-widget-image\" data-id=\"1421420d\" data-element_type=\"widget\" data-widget_type=\"image.default\">\n\t\t\t\t<div class=\"elementor-widget-container\">\n\t\t\t\t\t\t\t\t\t\t\t\t\t<img decoding=\"async\" width=\"1536\" height=\"1536\" src=\"https:\/\/sophiafoundation.org.pl\/wp-content\/uploads\/2025\/07\/sophia_foundation_art_and-critical_thought_miroslawa_uryzaj_collaboration.jpg\" class=\"attachment-2048x2048 size-2048x2048 wp-image-1125\" alt=\"\" srcset=\"https:\/\/sophiafoundation.org.pl\/wp-content\/uploads\/2025\/07\/sophia_foundation_art_and-critical_thought_miroslawa_uryzaj_collaboration.jpg 1536w, https:\/\/sophiafoundation.org.pl\/wp-content\/uploads\/2025\/07\/sophia_foundation_art_and-critical_thought_miroslawa_uryzaj_collaboration-300x300.jpg 300w, https:\/\/sophiafoundation.org.pl\/wp-content\/uploads\/2025\/07\/sophia_foundation_art_and-critical_thought_miroslawa_uryzaj_collaboration-1024x1024.jpg 1024w, https:\/\/sophiafoundation.org.pl\/wp-content\/uploads\/2025\/07\/sophia_foundation_art_and-critical_thought_miroslawa_uryzaj_collaboration-150x150.jpg 150w, https:\/\/sophiafoundation.org.pl\/wp-content\/uploads\/2025\/07\/sophia_foundation_art_and-critical_thought_miroslawa_uryzaj_collaboration-768x768.jpg 768w, https:\/\/sophiafoundation.org.pl\/wp-content\/uploads\/2025\/07\/sophia_foundation_art_and-critical_thought_miroslawa_uryzaj_collaboration-12x12.jpg 12w\" sizes=\"(max-width: 1536px) 100vw, 1536px\" \/>\t\t\t\t\t\t\t\t\t\t\t\t\t<\/div>\n\t\t\t\t<\/div>\n\t\t\t\t<\/div>\n\t\t<div class=\"elementor-element elementor-element-7f9af49 e-con-full e-flex e-con e-child\" data-id=\"7f9af49\" data-element_type=\"container\">\n\t\t\t\t<div class=\"elementor-element elementor-element-1a8616 elementor-widget elementor-widget-heading\" data-id=\"1a8616\" data-element_type=\"widget\" data-widget_type=\"heading.default\">\n\t\t\t\t<div class=\"elementor-widget-container\">\n\t\t\t<h2 class=\"elementor-heading-title elementor-size-default\"><b>MIROS\u0141AWA URYZAJ<\/b><\/h2>\t\t<\/div>\n\t\t\t\t<\/div>\n\t\t\t\t<div class=\"elementor-element elementor-element-513c904b elementor-widget elementor-widget-text-editor\" data-id=\"513c904b\" data-element_type=\"widget\" data-widget_type=\"text-editor.default\">\n\t\t\t\t<div class=\"elementor-widget-container\">\n\t\t\t\t\t\t\t<p>Graduate of the University of Economics in Katowice, Faculty of Informatics, specialty Informatics in Management and Marketing (MA in economy) and of the Faculty of Finance and Accounting, specialty Financial accounting (post-diploma programme). Since 1990, employed at the University of Economics in Katowice, currently as a senior specialist. Has many years\u2019 experience in the recording of economic events in the Financial-Accounting Division. Has skills in configuration, controlling and supporting of the operation of modules of ERP systems as well as adapting parameters to changing requirements, regulations, and improving work in accounting by increasing the effectiveness and precision of processes.<\/p>\t\t\t\t\t\t<\/div>\n\t\t\t\t<\/div>\n\t\t\t\t<\/div>\n\t\t\t\t\t<\/div>\n\t\t\t\t<\/div>\n\t\t<div class=\"elementor-element elementor-element-3fc4ad57 e-flex e-con-boxed e-con e-parent\" data-id=\"3fc4ad57\" data-element_type=\"container\">\n\t\t\t\t\t<div class=\"e-con-inner\">\n\t\t\t\t<div class=\"elementor-element elementor-element-4443cb1c elementor-widget elementor-widget-spacer\" data-id=\"4443cb1c\" data-element_type=\"widget\" data-widget_type=\"spacer.default\">\n\t\t\t\t<div class=\"elementor-widget-container\">\n\t\t\t\t\t<div class=\"elementor-spacer\">\n\t\t\t<div class=\"elementor-spacer-inner\"><\/div>\n\t\t<\/div>\n\t\t\t\t<\/div>\n\t\t\t\t<\/div>\n\t\t\t\t\t<\/div>\n\t\t\t\t<\/div>\n\t\t<div class=\"elementor-element elementor-element-39775805 e-flex e-con-boxed e-con e-parent\" data-id=\"39775805\" data-element_type=\"container\" data-settings=\"{&quot;background_background&quot;:&quot;classic&quot;}\">\n\t\t\t\t\t<div class=\"e-con-inner\">\n\t\t\t\t<div class=\"elementor-element elementor-element-2236a645 elementor-widget elementor-widget-image\" data-id=\"2236a645\" data-element_type=\"widget\" data-widget_type=\"image.default\">\n\t\t\t\t<div class=\"elementor-widget-container\">\n\t\t\t\t\t\t\t\t\t\t\t\t\t<img decoding=\"async\" width=\"180\" height=\"300\" src=\"https:\/\/sophiafoundation.org.pl\/wp-content\/uploads\/2024\/11\/Sophia_Logo_White-180x300.png\" class=\"attachment-medium size-medium wp-image-178\" alt=\"\" srcset=\"https:\/\/sophiafoundation.org.pl\/wp-content\/uploads\/2024\/11\/Sophia_Logo_White-180x300.png 180w, https:\/\/sophiafoundation.org.pl\/wp-content\/uploads\/2024\/11\/Sophia_Logo_White-615x1024.png 615w, https:\/\/sophiafoundation.org.pl\/wp-content\/uploads\/2024\/11\/Sophia_Logo_White-768x1280.png 768w, https:\/\/sophiafoundation.org.pl\/wp-content\/uploads\/2024\/11\/Sophia_Logo_White-922x1536.png 922w, https:\/\/sophiafoundation.org.pl\/wp-content\/uploads\/2024\/11\/Sophia_Logo_White-7x12.png 7w, https:\/\/sophiafoundation.org.pl\/wp-content\/uploads\/2024\/11\/Sophia_Logo_White.png 1163w\" sizes=\"(max-width: 180px) 100vw, 180px\" \/>\t\t\t\t\t\t\t\t\t\t\t\t\t<\/div>\n\t\t\t\t<\/div>\n\t\t\t\t\t<\/div>\n\t\t\t\t<\/div>\n\t\t\t\t<\/div>","protected":false},"excerpt":{"rendered":"<p>WSP\u00d3\u0141PRACA DR AGNIESZKA JAWOREK Polska artystka sztuk wizualnych. Absolwentka Akademii Sztuk Pi\u0119knych w Katowicach. Doktor sztuki. W 2013 roku zdoby\u0142a Nagrod\u0119 Ministra Kultury i Dziedzictwa Narodowego oraz otrzyma\u0142a Stypendium Ministra Nauki i Szkolnictwa Wy\u017cszego za wybitne osi\u0105gni\u0119cia. Stypendystka programu Kultura polska na \u015bwiecie Instytutu Adama Mickiewicza (2013). W 2016 roku otrzyma\u0142a Stypendium Ministra Kultury i [&hellip;]<\/p>","protected":false},"author":3,"featured_media":0,"parent":0,"menu_order":0,"comment_status":"closed","ping_status":"closed","template":"","meta":{"footnotes":""},"class_list":["post-1104","page","type-page","status-publish","hentry"],"yoast_head":"<!-- This site is optimized with the Yoast SEO plugin v24.0 - https:\/\/yoast.com\/wordpress\/plugins\/seo\/ -->\n<title>Wsp\u00f3\u0142praca - SOPHIA Foundation<\/title>\n<meta name=\"robots\" content=\"index, follow, max-snippet:-1, max-image-preview:large, max-video-preview:-1\" \/>\n<link rel=\"canonical\" href=\"https:\/\/sophiafoundation.org.pl\/en\/elementor-strona-1104\/\" \/>\n<meta property=\"og:locale\" content=\"en_GB\" \/>\n<meta property=\"og:type\" content=\"article\" \/>\n<meta property=\"og:title\" content=\"Wsp\u00f3\u0142praca - SOPHIA Foundation\" \/>\n<meta property=\"og:description\" content=\"WSP\u00d3\u0141PRACA DR AGNIESZKA JAWOREK Polska artystka sztuk wizualnych. Absolwentka Akademii Sztuk Pi\u0119knych w Katowicach. Doktor sztuki. W 2013 roku zdoby\u0142a Nagrod\u0119 Ministra Kultury i Dziedzictwa Narodowego oraz otrzyma\u0142a Stypendium Ministra Nauki i Szkolnictwa Wy\u017cszego za wybitne osi\u0105gni\u0119cia. Stypendystka programu Kultura polska na \u015bwiecie Instytutu Adama Mickiewicza (2013). W 2016 roku otrzyma\u0142a Stypendium Ministra Kultury i [&hellip;]\" \/>\n<meta property=\"og:url\" content=\"https:\/\/sophiafoundation.org.pl\/en\/elementor-strona-1104\/\" \/>\n<meta property=\"og:site_name\" content=\"SOPHIA Foundation\" \/>\n<meta property=\"article:modified_time\" content=\"2025-07-16T14:32:37+00:00\" \/>\n<meta property=\"og:image\" content=\"https:\/\/sophiafoundation.org.pl\/wp-content\/uploads\/2025\/07\/sophia_foundation_art_and-critical_thought_Agnieszka_Jaworek_artist.jpg\" \/>\n\t<meta property=\"og:image:width\" content=\"1536\" \/>\n\t<meta property=\"og:image:height\" content=\"1536\" \/>\n\t<meta property=\"og:image:type\" content=\"image\/jpeg\" \/>\n<meta name=\"twitter:card\" content=\"summary_large_image\" \/>\n<meta name=\"twitter:label1\" content=\"Estimated reading time\" \/>\n\t<meta name=\"twitter:data1\" content=\"2 minutes\" \/>\n<script type=\"application\/ld+json\" class=\"yoast-schema-graph\">{\"@context\":\"https:\/\/schema.org\",\"@graph\":[{\"@type\":\"WebPage\",\"@id\":\"https:\/\/sophiafoundation.org.pl\/elementor-strona-1104\/\",\"url\":\"https:\/\/sophiafoundation.org.pl\/elementor-strona-1104\/\",\"name\":\"Wsp\u00f3\u0142praca - SOPHIA Foundation\",\"isPartOf\":{\"@id\":\"https:\/\/sophiafoundation.org.pl\/#website\"},\"primaryImageOfPage\":{\"@id\":\"https:\/\/sophiafoundation.org.pl\/elementor-strona-1104\/#primaryimage\"},\"image\":{\"@id\":\"https:\/\/sophiafoundation.org.pl\/elementor-strona-1104\/#primaryimage\"},\"thumbnailUrl\":\"https:\/\/sophiafoundation.org.pl\/wp-content\/uploads\/2025\/07\/sophia_foundation_art_and-critical_thought_Agnieszka_Jaworek_artist.jpg\",\"datePublished\":\"2025-07-02T10:37:26+00:00\",\"dateModified\":\"2025-07-16T14:32:37+00:00\",\"breadcrumb\":{\"@id\":\"https:\/\/sophiafoundation.org.pl\/elementor-strona-1104\/#breadcrumb\"},\"inLanguage\":\"en-GB\",\"potentialAction\":[{\"@type\":\"ReadAction\",\"target\":[\"https:\/\/sophiafoundation.org.pl\/elementor-strona-1104\/\"]}]},{\"@type\":\"ImageObject\",\"inLanguage\":\"en-GB\",\"@id\":\"https:\/\/sophiafoundation.org.pl\/elementor-strona-1104\/#primaryimage\",\"url\":\"https:\/\/sophiafoundation.org.pl\/wp-content\/uploads\/2025\/07\/sophia_foundation_art_and-critical_thought_Agnieszka_Jaworek_artist.jpg\",\"contentUrl\":\"https:\/\/sophiafoundation.org.pl\/wp-content\/uploads\/2025\/07\/sophia_foundation_art_and-critical_thought_Agnieszka_Jaworek_artist.jpg\"},{\"@type\":\"BreadcrumbList\",\"@id\":\"https:\/\/sophiafoundation.org.pl\/elementor-strona-1104\/#breadcrumb\",\"itemListElement\":[{\"@type\":\"ListItem\",\"position\":1,\"name\":\"Strona g\u0142\u00f3wna\",\"item\":\"https:\/\/sophiafoundation.org.pl\/\"},{\"@type\":\"ListItem\",\"position\":2,\"name\":\"Wsp\u00f3\u0142praca\"}]},{\"@type\":\"WebSite\",\"@id\":\"https:\/\/sophiafoundation.org.pl\/#website\",\"url\":\"https:\/\/sophiafoundation.org.pl\/\",\"name\":\"Sophia Foundation: Art & Critical Thought\",\"description\":\"Art &amp; Critical Thought\",\"publisher\":{\"@id\":\"https:\/\/sophiafoundation.org.pl\/#organization\"},\"potentialAction\":[{\"@type\":\"SearchAction\",\"target\":{\"@type\":\"EntryPoint\",\"urlTemplate\":\"https:\/\/sophiafoundation.org.pl\/?s={search_term_string}\"},\"query-input\":{\"@type\":\"PropertyValueSpecification\",\"valueRequired\":true,\"valueName\":\"search_term_string\"}}],\"inLanguage\":\"en-GB\"},{\"@type\":\"Organization\",\"@id\":\"https:\/\/sophiafoundation.org.pl\/#organization\",\"name\":\"Sophia Foundation: Art & Critical Thought\",\"url\":\"https:\/\/sophiafoundation.org.pl\/\",\"logo\":{\"@type\":\"ImageObject\",\"inLanguage\":\"en-GB\",\"@id\":\"https:\/\/sophiafoundation.org.pl\/#\/schema\/logo\/image\/\",\"url\":\"https:\/\/sophiafoundation.org.pl\/wp-content\/uploads\/2024\/12\/Sophia_Logo_Black_040326_margines.png\",\"contentUrl\":\"https:\/\/sophiafoundation.org.pl\/wp-content\/uploads\/2024\/12\/Sophia_Logo_Black_040326_margines.png\",\"width\":1400,\"height\":2174,\"caption\":\"Sophia Foundation: Art & Critical Thought\"},\"image\":{\"@id\":\"https:\/\/sophiafoundation.org.pl\/#\/schema\/logo\/image\/\"}}]}<\/script>\n<!-- \/ Yoast SEO plugin. -->","yoast_head_json":{"title":"Wsp\u00f3\u0142praca - SOPHIA Foundation","robots":{"index":"index","follow":"follow","max-snippet":"max-snippet:-1","max-image-preview":"max-image-preview:large","max-video-preview":"max-video-preview:-1"},"canonical":"https:\/\/sophiafoundation.org.pl\/en\/elementor-strona-1104\/","og_locale":"en_GB","og_type":"article","og_title":"Wsp\u00f3\u0142praca - SOPHIA Foundation","og_description":"WSP\u00d3\u0141PRACA DR AGNIESZKA JAWOREK Polska artystka sztuk wizualnych. Absolwentka Akademii Sztuk Pi\u0119knych w Katowicach. Doktor sztuki. W 2013 roku zdoby\u0142a Nagrod\u0119 Ministra Kultury i Dziedzictwa Narodowego oraz otrzyma\u0142a Stypendium Ministra Nauki i Szkolnictwa Wy\u017cszego za wybitne osi\u0105gni\u0119cia. Stypendystka programu Kultura polska na \u015bwiecie Instytutu Adama Mickiewicza (2013). W 2016 roku otrzyma\u0142a Stypendium Ministra Kultury i [&hellip;]","og_url":"https:\/\/sophiafoundation.org.pl\/en\/elementor-strona-1104\/","og_site_name":"SOPHIA Foundation","article_modified_time":"2025-07-16T14:32:37+00:00","og_image":[{"width":1536,"height":1536,"url":"https:\/\/sophiafoundation.org.pl\/wp-content\/uploads\/2025\/07\/sophia_foundation_art_and-critical_thought_Agnieszka_Jaworek_artist.jpg","type":"image\/jpeg"}],"twitter_card":"summary_large_image","twitter_misc":{"Estimated reading time":"2 minutes"},"schema":{"@context":"https:\/\/schema.org","@graph":[{"@type":"WebPage","@id":"https:\/\/sophiafoundation.org.pl\/elementor-strona-1104\/","url":"https:\/\/sophiafoundation.org.pl\/elementor-strona-1104\/","name":"Wsp\u00f3\u0142praca - SOPHIA Foundation","isPartOf":{"@id":"https:\/\/sophiafoundation.org.pl\/#website"},"primaryImageOfPage":{"@id":"https:\/\/sophiafoundation.org.pl\/elementor-strona-1104\/#primaryimage"},"image":{"@id":"https:\/\/sophiafoundation.org.pl\/elementor-strona-1104\/#primaryimage"},"thumbnailUrl":"https:\/\/sophiafoundation.org.pl\/wp-content\/uploads\/2025\/07\/sophia_foundation_art_and-critical_thought_Agnieszka_Jaworek_artist.jpg","datePublished":"2025-07-02T10:37:26+00:00","dateModified":"2025-07-16T14:32:37+00:00","breadcrumb":{"@id":"https:\/\/sophiafoundation.org.pl\/elementor-strona-1104\/#breadcrumb"},"inLanguage":"en-GB","potentialAction":[{"@type":"ReadAction","target":["https:\/\/sophiafoundation.org.pl\/elementor-strona-1104\/"]}]},{"@type":"ImageObject","inLanguage":"en-GB","@id":"https:\/\/sophiafoundation.org.pl\/elementor-strona-1104\/#primaryimage","url":"https:\/\/sophiafoundation.org.pl\/wp-content\/uploads\/2025\/07\/sophia_foundation_art_and-critical_thought_Agnieszka_Jaworek_artist.jpg","contentUrl":"https:\/\/sophiafoundation.org.pl\/wp-content\/uploads\/2025\/07\/sophia_foundation_art_and-critical_thought_Agnieszka_Jaworek_artist.jpg"},{"@type":"BreadcrumbList","@id":"https:\/\/sophiafoundation.org.pl\/elementor-strona-1104\/#breadcrumb","itemListElement":[{"@type":"ListItem","position":1,"name":"Strona g\u0142\u00f3wna","item":"https:\/\/sophiafoundation.org.pl\/"},{"@type":"ListItem","position":2,"name":"Wsp\u00f3\u0142praca"}]},{"@type":"WebSite","@id":"https:\/\/sophiafoundation.org.pl\/#website","url":"https:\/\/sophiafoundation.org.pl\/","name":"Sophia Foundation: Art & Critical Thought","description":"Art &amp; Critical Thought","publisher":{"@id":"https:\/\/sophiafoundation.org.pl\/#organization"},"potentialAction":[{"@type":"SearchAction","target":{"@type":"EntryPoint","urlTemplate":"https:\/\/sophiafoundation.org.pl\/?s={search_term_string}"},"query-input":{"@type":"PropertyValueSpecification","valueRequired":true,"valueName":"search_term_string"}}],"inLanguage":"en-GB"},{"@type":"Organization","@id":"https:\/\/sophiafoundation.org.pl\/#organization","name":"Sophia Foundation: Art & Critical Thought","url":"https:\/\/sophiafoundation.org.pl\/","logo":{"@type":"ImageObject","inLanguage":"en-GB","@id":"https:\/\/sophiafoundation.org.pl\/#\/schema\/logo\/image\/","url":"https:\/\/sophiafoundation.org.pl\/wp-content\/uploads\/2024\/12\/Sophia_Logo_Black_040326_margines.png","contentUrl":"https:\/\/sophiafoundation.org.pl\/wp-content\/uploads\/2024\/12\/Sophia_Logo_Black_040326_margines.png","width":1400,"height":2174,"caption":"Sophia Foundation: Art & Critical Thought"},"image":{"@id":"https:\/\/sophiafoundation.org.pl\/#\/schema\/logo\/image\/"}}]}},"_links":{"self":[{"href":"https:\/\/sophiafoundation.org.pl\/en\/wp-json\/wp\/v2\/pages\/1104","targetHints":{"allow":["GET"]}}],"collection":[{"href":"https:\/\/sophiafoundation.org.pl\/en\/wp-json\/wp\/v2\/pages"}],"about":[{"href":"https:\/\/sophiafoundation.org.pl\/en\/wp-json\/wp\/v2\/types\/page"}],"author":[{"embeddable":true,"href":"https:\/\/sophiafoundation.org.pl\/en\/wp-json\/wp\/v2\/users\/3"}],"replies":[{"embeddable":true,"href":"https:\/\/sophiafoundation.org.pl\/en\/wp-json\/wp\/v2\/comments?post=1104"}],"version-history":[{"count":20,"href":"https:\/\/sophiafoundation.org.pl\/en\/wp-json\/wp\/v2\/pages\/1104\/revisions"}],"predecessor-version":[{"id":1176,"href":"https:\/\/sophiafoundation.org.pl\/en\/wp-json\/wp\/v2\/pages\/1104\/revisions\/1176"}],"wp:attachment":[{"href":"https:\/\/sophiafoundation.org.pl\/en\/wp-json\/wp\/v2\/media?parent=1104"}],"curies":[{"name":"wp","href":"https:\/\/api.w.org\/{rel}","templated":true}]}}